{"id":2739,"date":"2019-01-31T10:45:06","date_gmt":"2019-01-31T10:45:06","guid":{"rendered":"https:\/\/asesoriavh.net\/?page_id=2739"},"modified":"2023-07-22T13:30:53","modified_gmt":"2023-07-22T13:30:53","slug":"tramites-registro-de-la-propiedad-barcelona-espana","status":"publish","type":"page","link":"\/es_es\/tramites-registro-de-la-propiedad-barcelona-espana\/","title":{"rendered":"Registro de la propiedad"},"content":{"rendered":"<div class=\"vc_row wpb_row vc_row-fluid\"><div class=\"niletheme-section-row niletheme_row    niletheme_row niletheme-container \"><div class=\"wpb_column vc_column_container vc_col-sm-12\"><div class=\"vc_column-inner \"><div class=\"wpb_wrapper\"><link href=\"https:\/\/fonts.googleapis.com\/css?family=Raleway:800\" rel=\"stylesheet\" property=\"stylesheet\" type=\"text\/css\" media=\"all\">\n<div id=\"rev_slider_12_1_wrapper\" class=\"rev_slider_wrapper fullwidthbanner-container\" data-source=\"gallery\" style=\"margin:0px auto;background:transparent;padding:0px;margin-top:0px;margin-bottom:0px;\">\n<!-- START REVOLUTION SLIDER 5.4.8 fullwidth mode -->\n\t<div id=\"rev_slider_12_1\" class=\"rev_slider fullwidthabanner\" style=\"display:none;\" data-version=\"5.4.8\">\n<ul>\t<!-- SLIDE  -->\n\t<li data-index=\"rs-12\" data-transition=\"fade\" data-slotamount=\"default\" data-hideafterloop=\"0\" data-hideslideonmobile=\"off\"  data-easein=\"default\" data-easeout=\"default\" data-masterspeed=\"300\"  data-rotate=\"0\"  data-saveperformance=\"off\"  data-title=\"Slide\" data-param1=\"\" data-param2=\"\" data-param3=\"\" data-param4=\"\" data-param5=\"\" data-param6=\"\" data-param7=\"\" data-param8=\"\" data-param9=\"\" data-param10=\"\" data-description=\"\">\n\t\t<!-- MAIN IMAGE -->\n\t\t<img src=\"https:\/\/asesoriavf.com\/wp-content\/plugins\/revslider\/admin\/assets\/images\/transparent.png\"  alt=\"\" title=\"Registro de la propiedad\"  data-bgposition=\"center center\" data-bgfit=\"cover\" data-bgrepeat=\"no-repeat\" class=\"rev-slidebg\" data-no-retina>\n\t\t<!-- LAYERS -->\n\n\t\t<!-- LAYER NR. 1 -->\n\t\t<div class=\"tp-caption   tp-resizeme\" \n\t\t\t id=\"slide-12-layer-1\" \n\t\t\t data-x=\"-581\" \n\t\t\t data-y=\"-538\" \n\t\t\t\t\t\tdata-width=\"['none','none','none','none']\"\n\t\t\tdata-height=\"['none','none','none','none']\"\n \n\t\t\tdata-type=\"image\" \n\t\t\tdata-responsive_offset=\"on\" \n\n\t\t\tdata-frames='[{\"delay\":0,\"speed\":300,\"frame\":\"0\",\"from\":\"opacity:0;\",\"to\":\"o:1;\",\"ease\":\"Power3.easeInOut\"},{\"delay\":\"wait\",\"speed\":300,\"frame\":\"999\",\"to\":\"opacity:0;\",\"ease\":\"Power3.easeInOut\"}]'\n\t\t\tdata-textAlign=\"['inherit','inherit','inherit','inherit']\"\n\t\t\tdata-paddingtop=\"[0,0,0,0]\"\n\t\t\tdata-paddingright=\"[0,0,0,0]\"\n\t\t\tdata-paddingbottom=\"[0,0,0,0]\"\n\t\t\tdata-paddingleft=\"[0,0,0,0]\"\n\n\t\t\tstyle=\"z-index: 5;\"><img src=\"\/wp-content\/uploads\/2019\/01\/1-2-darken.jpg\" alt=\"\" data-ww=\"2498px\" data-hh=\"1094px\" data-no-retina> <\/div>\n\n\t\t<!-- LAYER NR. 2 -->\n\t\t<div class=\"tp-caption NotGeneric-Title   tp-resizeme\" \n\t\t\t id=\"slide-12-layer-2\" \n\t\t\t data-x=\"center\" data-hoffset=\"3\" \n\t\t\t data-y=\"254\" \n\t\t\t\t\t\tdata-width=\"['auto']\"\n\t\t\tdata-height=\"['auto']\"\n \n\t\t\tdata-type=\"text\" \n\t\t\tdata-responsive_offset=\"on\" \n\n\t\t\tdata-frames='[{\"delay\":0,\"speed\":300,\"frame\":\"0\",\"from\":\"opacity:0;\",\"to\":\"o:1;\",\"ease\":\"Power3.easeInOut\"},{\"delay\":\"wait\",\"speed\":300,\"frame\":\"999\",\"to\":\"opacity:0;\",\"ease\":\"Power3.easeInOut\"}]'\n\t\t\tdata-textAlign=\"['inherit','inherit','inherit','inherit']\"\n\t\t\tdata-paddingtop=\"[10,10,10,10]\"\n\t\t\tdata-paddingright=\"[0,0,0,0]\"\n\t\t\tdata-paddingbottom=\"[10,10,10,10]\"\n\t\t\tdata-paddingleft=\"[0,0,0,0]\"\n\n\t\t\tstyle=\"z-index: 6; white-space: nowrap; color: #ffffff; letter-spacing: 0px;\">TR\u00c1MITES <\/div>\n\t<\/li>\n<\/ul>\n<div class=\"tp-bannertimer tp-bottom\" style=\"visibility: hidden !important;\"><\/div>\t<\/div>\n<script>var htmlDiv = document.getElementById(\"rs-plugin-settings-inline-css\"); var htmlDivCss=\".tp-caption.NotGeneric-Title,.NotGeneric-Title{color:rgba(255,255,255,1.00);font-size:70px;line-height:70px;font-weight:800;font-style:normal;font-family:Raleway;text-decoration:none;background-color:transparent;border-color:transparent;border-style:none;border-width:0px;border-radius:0 0 0 0px}\";\r\n\t\t\t\tif(htmlDiv) {\r\n\t\t\t\t\thtmlDiv.innerHTML = htmlDiv.innerHTML + htmlDivCss;\r\n\t\t\t\t}else{\r\n\t\t\t\t\tvar htmlDiv = document.createElement(\"div\");\r\n\t\t\t\t\thtmlDiv.innerHTML = \"<style>\" + htmlDivCss + \"<\/style>\";\r\n\t\t\t\t\tdocument.getElementsByTagName(\"head\")[0].appendChild(htmlDiv.childNodes[0]);\r\n\t\t\t\t}\r\n\t\t\t<\/script>\n\t\t<script type=\"text\/javascript\">\r\nif (setREVStartSize!==undefined) setREVStartSize(\r\n\t{c: '#rev_slider_12_1', gridwidth: [1240], gridheight: [500], sliderLayout: 'fullwidth'});\r\n\t\t\t\r\nvar revapi12,\r\n\ttpj;\t\r\n(function() {\t\t\t\r\n\tif (!\/loaded|interactive|complete\/.test(document.readyState)) document.addEventListener(\"DOMContentLoaded\",onLoad); else onLoad();\t\r\n\tfunction onLoad() {\t\t\t\t\r\n\t\tif (tpj===undefined) { tpj = jQuery; if(\"off\" == \"on\") tpj.noConflict();}\r\n\tif(tpj(\"#rev_slider_12_1\").revolution == undefined){\n\t\trevslider_showDoubleJqueryError(\"#rev_slider_12_1\");\n\t}else{\n\t\trevapi12 = tpj(\"#rev_slider_12_1\").show().revolution({\n\t\t\tsliderType:\"hero\",\n\t\t\tjsFileLocation:\"\/\/asesoriavf.com\/wp-content\/plugins\/revslider\/public\/assets\/js\/\",\n\t\t\tsliderLayout:\"fullwidth\",\n\t\t\tdottedOverlay:\"none\",\n\t\t\tdelay:9000,\n\t\t\tvisibilityLevels:[1240,1024,778,480],\n\t\t\tgridwidth:1240,\n\t\t\tgridheight:500,\n\t\t\tlazyType:\"none\",\n\t\t\tshadow:0,\n\t\t\tspinner:\"spinner0\",\n\t\t\tautoHeight:\"off\",\n\t\t\tdisableProgressBar:\"on\",\n\t\t\thideThumbsOnMobile:\"off\",\n\t\t\thideSliderAtLimit:0,\n\t\t\thideCaptionAtLimit:0,\n\t\t\thideAllCaptionAtLilmit:0,\n\t\t\tdebugMode:false,\n\t\t\tfallbacks: {\n\t\t\t\tsimplifyAll:\"off\",\n\t\t\t\tdisableFocusListener:false,\n\t\t\t}\n\t\t});\n\t}; \/* END OF revapi call *\/\n\t\n }; \/* END OF ON LOAD FUNCTION *\/\r\n}()); \/* END OF WRAPPING FUNCTION *\/\r\n<\/script>\r\n\t\t<\/div><!-- END REVOLUTION SLIDER --><\/div><\/div><\/div><\/div><\/div><div class=\"vc_row wpb_row vc_row-fluid vc_custom_1548764449745 vc_row-has-fill\"><div class=\"niletheme-section-row niletheme_row    niletheme_row niletheme-container \"><div class=\"wpb_column vc_column_container vc_col-sm-12\"><div class=\"vc_column-inner \"><div class=\"wpb_wrapper\"><div class=\"vc_row wpb_row vc_inner vc_row-fluid vc_column-gap-35\"><div class=\"wpb_column vc_column_container vc_col-sm-4 vc_col-has-fill\"><div class=\"vc_column-inner-nile vc_custom_1550505326684\"><div class=\"wpb_wrapper\"><div class=\"accordion-1 nile-accordion\">\n\t<div class=\"wpb_text_column wpb_content_element \" >\n\t\t<div class=\"wpb_wrapper\">\n\t\t\t<p>Contamos con toda la experiencia e informaci\u00f3n oficial actualizada necesaria para responder cualquier pregunta o duda de la manera m\u00e1s r\u00e1pida y definitiva posible:<\/p>\n<p><a href=\"https:\/\/asesoriavh.com\/gestion-inversion-extranjera-barcelona-espana-inmobiliaria\/\">Inversi\u00f3n extranjera<\/a><\/p>\n<hr>\n<p><a href=\"https:\/\/asesoriavh.com\/creacion-de-sociedades-urgentes-online-espana\/\">Creaci\u00f3n de sociedades<\/a><\/p>\n<hr>\n<p><a href=\"https:\/\/asesoriavh.com\/servicios-notaria-urgente-barcelona\/\">Notar\u00eda<\/a><\/p>\n<hr>\n<p><a href=\"https:\/\/asesoriavh.com\/tramites-direccion-general-de-trafico-barcelona\/\">Direcci\u00f3n General de Tr\u00e1fico<\/a><\/p>\n<hr>\n<p><a href=\"https:\/\/asesoriavh.com\/gestoria-fiscal-contable-barcelona-empresas-autonomos\/\">Agencia Tributaria<\/a><\/p>\n<hr>\n<p><a href=\"https:\/\/asesoriavh.com\/tramites-registro-de-la-propiedad-barcelona-espana\/\">Registro de la Propiedad<\/a><\/p>\n<hr>\n<p><a href=\"https:\/\/asesoriavh.com\/tramites-tesoreria-seguridad-social-gestoria-derecho-laboral\/\">Tesorer\u00eda de la Seguridad social<\/a><\/p>\n<hr>\n<p><a href=\"https:\/\/asesoriavh.com\/tramites-registro-mercantil-urgentes-barcelona\/\">Registro Mercantil<\/a><\/p>\n<hr>\n<p><a href=\"https:\/\/asesoriavh.com\/traducciones-jurada-urgentes-apostilla-de-la-haya-espana-barcelona-madrid\/\">Traducciones juradas<\/a><\/p>\n\n\t\t<\/div>\n\t<\/div>\n<\/div><\/div><\/div><\/div><div class=\"wpb_column vc_column_container vc_col-sm-8\"><div class=\"vc_column-inner vc_custom_1550505303789\"><div class=\"wpb_wrapper\"><div class=\"nile-inner-row\">\n\t<div class=\"wpb_text_column wpb_content_element  vc_custom_1550505339478\" >\n\t\t<div class=\"wpb_wrapper\">\n\t\t\t<h1><strong>Registro de la propiedad<\/strong><\/h1>\n<p><a href=\"https:\/\/asesoriavh.com\"><span style=\"color: #146fa3;\"><strong>Asesor\u00eda VH<\/strong><\/span><\/a> le ayudar\u00e1 a la tramitaci\u00f3n de todas las gestiones que necesite realizar en cualquiera de los Registros de la Propiedad de Espa\u00f1a, desde la solicitud de una nota simple hasta la inscripci\u00f3n de escrituras.<\/p>\n<p><b>Certificados<\/b><br \/>\nEs la informaci\u00f3n que los distintos Registros de la Propiedad facilitan sobre la situaci\u00f3n jur\u00eddica de Fincas y de Bienes Inmuebles. Su diferencia con la nota simple, radica en la veracidad de la informaci\u00f3n del certificado que adem\u00e1s viene corroborada con la firma y sello del Registrador competente.<\/p>\n<p><b>Nota Simple<\/b><br \/>\nLa nota simple tiene car\u00e1cter informativo, que indica la situaci\u00f3n de la finca (Calle, N\u00famero, Piso), linderos de la misma, titular actual y cargas y grav\u00e1menes existentes.<\/p>\n<p><b>Servicio de \u00cdndices de la Propiedad<\/b><br \/>\nEste tr\u00e1mite permite conocer las propiedades inmobiliarias de una persona f\u00edsica o jur\u00eddica en el territorio nacional.<\/p>\n\n\t\t<\/div>\n\t<\/div>\n\n\t<div class=\"wpb_text_column wpb_content_element \" >\n\t\t<div class=\"wpb_wrapper\">\n\t\t\t<style type=\"text\/css\">.vc_btn3-style-gradient-custom.vc_btn-gradient-btn-69e2350d4a86a:hover{color: #ffffff;background-color: #063972;border: none;background-position: 100% 0;}<\/style><style type=\"text\/css\">.vc_btn3-style-gradient-custom.vc_btn-gradient-btn-69e2350d4a86a{color: #ffffff;border: none;background-color: #1e5491;background-image: -webkit-linear-gradient(left, #1e5491 0%, #063972 50%,#1e5491 100%);background-image: linear-gradient(to right, #1e5491 0%, #063972 50%,#1e5491 100%);-webkit-transition: all .2s ease-in-out;transition: all .2s ease-in-out;background-size: 200% 100%;}<\/style><div class=\"vc_btn3-container vc_btn3-center\" >\n\t<a data-vc-gradient-1=\"#1e5491\" data-vc-gradient-2=\"#063972\" class=\"vc_general vc_btn3 vc_btn3-size-sm vc_btn3-shape-round vc_btn3-style-gradient-custom vc_btn3-block vc_btn-gradient-btn-69e2350d4a86a\" href=\"https:\/\/asesoriavh.com\/contacto\/\" title=\"\">CONTACTA CON NOSOTROS<\/a><\/div>\n\n\n\t\t<\/div>\n\t<\/div>\n<\/div><\/div><\/div><\/div><\/div><\/div><\/div><\/div><\/div><\/div><div data-vc-full-width=\"true\" data-vc-full-width-init=\"false\" data-vc-stretch-content=\"true\" class=\"vc_row wpb_row vc_row-fluid vc_custom_1548149995774 vc_row-has-fill vc_column-gap-35\"><div class=\"niletheme-section-row niletheme_row    niletheme_row niletheme-container \"><div class=\"wpb_column vc_column_container vc_col-sm-8\"><div class=\"vc_column-inner vc_custom_1548150115625\"><div class=\"wpb_wrapper\">\n\t<div class=\"wpb_text_column wpb_content_element  vc_custom_1548693674865\" >\n\t\t<div class=\"wpb_wrapper\">\n\t\t\t<h1 style=\"font-size: 3em;\"><strong><span style=\"color: #ffffff;\">Primera consulta \u00a1GRATIS!<\/span><\/strong><\/h1>\n<p><span style=\"font-size: medium; color: #ffffff;\">Contacta con nosotros y atenderemos tu consulta con total confidencialidad.<\/span><\/p>\n\n\t\t<\/div>\n\t<\/div>\n<\/div><\/div><\/div><div class=\"wpb_column vc_column_container vc_col-sm-4\"><div class=\"vc_column-inner \"><div class=\"wpb_wrapper\"><style type=\"text\/css\">.vc_btn3-style-gradient-custom.vc_btn-gradient-btn-69e2350d4aebc:hover{color: #ffffff;background-color: #063972;border: none;background-position: 100% 0;}<\/style><style type=\"text\/css\">.vc_btn3-style-gradient-custom.vc_btn-gradient-btn-69e2350d4aebc{color: #ffffff;border: none;background-color: #1e5491;background-image: -webkit-linear-gradient(left, #1e5491 0%, #063972 50%,#1e5491 100%);background-image: linear-gradient(to right, #1e5491 0%, #063972 50%,#1e5491 100%);-webkit-transition: all .2s ease-in-out;transition: all .2s ease-in-out;background-size: 200% 100%;}<\/style><div class=\"vc_btn3-container vc_btn3-center vc_custom_1550484990518\" >\n\t<a data-vc-gradient-1=\"#1e5491\" data-vc-gradient-2=\"#063972\" class=\"vc_general vc_btn3 vc_btn3-size-lg vc_btn3-shape-round vc_btn3-style-gradient-custom vc_btn-gradient-btn-69e2350d4aebc\" href=\"https:\/\/asesoriavh.com\/consultas\/\" title=\"\">CONTACTA<\/a><\/div>\n<\/div><\/div><\/div><\/div><\/div><div class=\"vc_row-full-width vc_clearfix\"><\/div><div data-vc-full-width=\"true\" data-vc-full-width-init=\"false\" data-vc-stretch-content=\"true\" class=\"vc_row wpb_row vc_row-fluid vc_custom_1548764379817 vc_row-no-padding\"><div class=\"niletheme-section-row niletheme_row    niletheme_row full_width \"><div class=\"wpb_column vc_column_container vc_col-sm-12\"><div class=\"vc_column-inner \"><div class=\"wpb_wrapper\">\n\t<div class=\"wpb_text_column wpb_content_element \" >\n\t\t<div class=\"wpb_wrapper\">\n\t\t\t<div id=\"wpgmza_map\" class=\"wpgmza_map\" data-settings='{\"id\":\"1\",\"map_title\":\"Asesoria VH\",\"map_width\":\"100\",\"map_height\":\"400\",\"map_start_lat\":\"41.358064\",\"map_start_lng\":\"2.115199\",\"map_start_location\":\"41.35806370347794,2.1151993680624788\",\"map_start_zoom\":\"16\",\"default_marker\":\"0\",\"type\":\"1\",\"alignment\":\"1\",\"directions_enabled\":\"1\",\"styling_enabled\":\"0\",\"styling_json\":\"\",\"active\":\"0\",\"kml\":\"\",\"bicycle\":\"0\",\"traffic\":\"0\",\"dbox\":\"1\",\"dbox_width\":\"100\",\"listmarkers\":\"0\",\"listmarkers_advanced\":\"0\",\"filterbycat\":\"0\",\"ugm_enabled\":\"0\",\"ugm_category_enabled\":\"0\",\"fusion\":\"\",\"map_width_type\":\"\\\\%\",\"map_height_type\":\"px\",\"mass_marker_support\":\"1\",\"ugm_access\":\"0\",\"order_markers_by\":\"1\",\"order_markers_choice\":\"2\",\"show_user_location\":\"0\",\"default_to\":\"\",\"other_settings\":{\"store_locator_enabled\":2,\"store_locator_distance\":2,\"store_locator_default_radius\":\"10\",\"store_locator_not_found_message\":\"No results found in this location. Please try again.\",\"store_locator_bounce\":1,\"store_locator_query_string\":\"ZIP \\\/ C\\u00f3digo Postal \\\/ Direcci\\u00f3n\",\"store_locator_default_address\":\"\",\"wpgmza_store_locator_restrict\":\"\",\"store_locator_style\":\"modern\",\"wpgmza_store_locator_radius_style\":\"modern\",\"map_max_zoom\":\"1\",\"transport_layer\":0,\"wpgmza_show_points_of_interest\":0,\"wpgmza_auto_night\":0}}' data-map-id='1' Data-maps-engine='open-layers' data-shortcode-attributes='{\"id\":\"1\"}' style=\"display:block; overflow:auto; width:100%; height:400px; float:left;\"><\/div>\n\n\t\t<\/div>\n\t<\/div>\n<\/div><\/div><\/div><\/div><\/div><div class=\"vc_row-full-width vc_clearfix\"><\/div><div class=\"vc_row wpb_row vc_row-fluid vc_custom_1548688394188 vc_row-has-fill\"><div class=\"niletheme-section-row niletheme_row    niletheme_row niletheme-container \"><div class=\"wpb_column vc_column_container vc_col-sm-3\"><div class=\"vc_column-inner vc_custom_1548688387301\"><div class=\"wpb_wrapper\">\n\t<div class=\"wpb_text_column wpb_content_element \" >\n\t\t<div class=\"wpb_wrapper\">\n\t\t\t<p><img decoding=\"async\" class=\"alignnone wp-image-1767\" src=\"\/wp-content\/uploads\/2023\/07\/logo21-2.jpg\" alt=\"\" \/><\/p>\n<p>c\/ Caterina Albert, 8<br \/>\n08907 L\u2019Hospitalet de Llobregat<br \/>\n<a style=\"color: #188fc3;\" href=\"mailto:administracion@asesoriavh.com\">administracion@asesoriavh.com<\/a><br \/>\nT: <a style=\"color: #188fc3;\" href=\"tel:619 811 894\">619 811 894<\/a><\/p>\n\n\t\t<\/div>\n\t<\/div>\n<\/div><\/div><\/div><div class=\"wpb_column vc_column_container vc_col-sm-3\"><div class=\"vc_column-inner \"><div class=\"wpb_wrapper\"><\/div><\/div><\/div><div class=\"wpb_column vc_column_container vc_col-sm-3\"><div class=\"vc_column-inner \"><div class=\"wpb_wrapper\">\n\t<div class=\"wpb_text_column wpb_content_element \" >\n\t\t<div class=\"wpb_wrapper\">\n\t\t\t<h4 class=\"title\">NUESTROS SERVICIOS<\/h4>\n<p><a style=\"color: #188fc3;\" href=\"https:\/\/asesoriavh.com\/fiscal-y-contable\/\">Asesor\u00eda fiscal y contable<\/a><br \/>\n<a style=\"color: #188fc3;\" href=\"https:\/\/asesoriavh.com\/laboral\/\">Asesor\u00eda laboral<\/a><br \/>\n<a style=\"color: #188fc3;\" href=\"https:\/\/asesoriavh.com\/asesoria-financiera\">Asesor\u00eda financiera<\/a><br \/>\n<a style=\"color: #188fc3;\" href=\"https:\/\/asesoriavh.com\/inmobiliario\/\">Asesor\u00eda inmobiliaria<\/a><br \/>\n<a style=\"color: #188fc3;\" href=\"https:\/\/asesoriavh.com\/extranjeria\">Extranjer\u00eda<\/a><\/p>\n\n\t\t<\/div>\n\t<\/div>\n<\/div><\/div><\/div><div class=\"wpb_column vc_column_container vc_col-sm-3\"><div class=\"vc_column-inner \"><div class=\"wpb_wrapper\">\n\t<div class=\"wpb_text_column wpb_content_element \" >\n\t\t<div class=\"wpb_wrapper\">\n\t\t\t<h4 class=\"title\">ENLACES DE INTER\u00c9S<\/h4>\n<p><a style=\"color: #188fc3;\" href=\"https:\/\/www.agenciatributaria.es\/\" target=\"_blank\" rel=\"noopener noreferrer\">Agencia Tributaria<\/a><br \/>\n<a style=\"color: #188fc3;\" href=\"http:\/\/www.seg-social.es\/wps\/portal\/wss\/internet\/Inicio\" target=\"_blank\" rel=\"noopener noreferrer\">Seguridad Social<\/a><br \/>\n<a style=\"color: #188fc3;\" href=\"http:\/\/www.sepe.es\/contenidos\/intermedia.html\" target=\"_blank\" rel=\"noopener noreferrer\">INEM<\/a><br \/>\n<a style=\"color: #188fc3;\" href=\"http:\/\/www.dgt.es\/es\/\" target=\"_blank\" rel=\"noopener noreferrer\">DGT<\/a><br \/>\n<a style=\"color: #188fc3;\" href=\"https:\/\/www.ine.es\/\" target=\"_blank\" rel=\"noopener noreferrer\">INE<\/a><\/p>\n\n\t\t<\/div>\n\t<\/div>\n<\/div><\/div><\/div><\/div><\/div><div class=\"vc_row wpb_row vc_row-fluid vc_custom_1548694326465 vc_row-has-fill\"><div class=\"niletheme-section-row niletheme_row    niletheme_row niletheme-container \"><div class=\"wpb_column vc_column_container vc_col-sm-12\"><div class=\"vc_column-inner \"><div class=\"wpb_wrapper\"><div class=\"vc_separator wpb_content_element vc_separator_align_center vc_sep_width_100 vc_sep_pos_align_center vc_separator_no_text vc_sep_color_grey\" ><span class=\"vc_sep_holder vc_sep_holder_l\"><span  class=\"vc_sep_line\"><\/span><\/span><span class=\"vc_sep_holder vc_sep_holder_r\"><span  class=\"vc_sep_line\"><\/span><\/span>\n<\/div><\/div><\/div><\/div><\/div><\/div><div class=\"vc_row wpb_row vc_row-fluid vc_custom_1548694307239 vc_row-has-fill\"><div class=\"niletheme-section-row niletheme_row    niletheme_row niletheme-container \"><div class=\"wpb_column vc_column_container vc_col-sm-6\"><div class=\"vc_column-inner \"><div class=\"wpb_wrapper\">\n\t<div class=\"wpb_text_column wpb_content_element  vc_custom_1690032617534\" >\n\t\t<div class=\"wpb_wrapper\">\n\t\t\t<p><span style=\"font-size: small;\">\u00a9 2019 Asesor\u00eda VH. Todos los derechos reservados<\/span><\/p>\n\n\t\t<\/div>\n\t<\/div>\n<\/div><\/div><\/div><div class=\"wpb_column vc_column_container vc_col-sm-2\"><div class=\"vc_column-inner \"><div class=\"wpb_wrapper\">\n\t<div class=\"wpb_text_column wpb_content_element \" >\n\t\t<div class=\"wpb_wrapper\">\n\t\t\t<p style=\"text-align: right;\"><span style=\"font-size: smaller;\"><a style=\"color: #188fc3;\" href=\"https:\/\/asesoriavh.com\/legal\/aviso-legal\">Aviso legal<\/a><\/span><\/p>\n\n\t\t<\/div>\n\t<\/div>\n<\/div><\/div><\/div><div class=\"wpb_column vc_column_container vc_col-sm-2\"><div class=\"vc_column-inner \"><div class=\"wpb_wrapper\">\n\t<div class=\"wpb_text_column wpb_content_element  vc_custom_1548769698378\" >\n\t\t<div class=\"wpb_wrapper\">\n\t\t\t<p style=\"text-align: right;\"><span style=\"font-size: smaller;\"><a style=\"color: #188fc3;\" href=\"https:\/\/asesoriavh.com\/legal\/politica-de-confidencialidad\">Pol\u00edtica de confidencialidad&nbsp;<\/a><\/span><\/p>\n\n\t\t<\/div>\n\t<\/div>\n<\/div><\/div><\/div><div class=\"wpb_column vc_column_container vc_col-sm-2\"><div class=\"vc_column-inner \"><div class=\"wpb_wrapper\">\n\t<div class=\"wpb_text_column wpb_content_element \" >\n\t\t<div class=\"wpb_wrapper\">\n\t\t\t<p style=\"text-align: right;\"><span style=\"font-size: smaller;\"><a style=\"color: #188fc3;\" href=\"https:\/\/asesoriavh.com\/legal\/politica-de-cookies\">Pol\u00edtica de cookies&nbsp;<\/a><\/span><\/p>\n\n\t\t<\/div>\n\t<\/div>\n<\/div><\/div><\/div><\/div><\/div>\n","protected":false},"excerpt":{"rendered":"TR\u00c1MITES var htmlDiv = document.getElementById(\"rs-plugin-settings-inline-css\"); var htmlDivCss=\".tp-caption.NotGeneric-Title,.NotGeneric-Title{color:rgba(255,255,255,1.00);font-size:70px;line-height:70px;font-weight:800;font-style:normal;font-family:Raleway;text-decoration:none;background-color:transparent;border-color:transparent;border-style:none;border-width:0px;border-radius:0 0 0 0px}\"; if(htmlDiv) { htmlDiv.innerHTML = htmlDiv.innerHTML + htmlDivCss; }else{ var htmlDiv = document.createElement(\"div\"); htmlDiv.innerHTML = \"\" + htmlDivCss + \"\"; document.getElementsByTagName(\"head\")[0].appendChild(htmlDiv.childNodes[0]); } if (setREVStartSize!==undefined) setREVStartSize( {c: '#rev_slider_12_2', gridwidth: [1240], gridheight: [500], sliderLayout: 'fullwidth'}); var revapi12, tpj; (function() { if (!\/loaded|interactive|complete\/.test(document.readyState)) document.addEventListener(\"DOMContentLoaded\",onLoad); else onLoad(); function onLoad() { [...]","protected":false},"author":2,"featured_media":1844,"parent":0,"menu_order":0,"comment_status":"closed","ping_status":"closed","template":"page-templates\/home-page.php","meta":[],"aioseo_notices":[],"_links":{"self":[{"href":"\/es_es\/wp-json\/wp\/v2\/pages\/2739"}],"collection":[{"href":"\/es_es\/wp-json\/wp\/v2\/pages"}],"about":[{"href":"\/es_es\/wp-json\/wp\/v2\/types\/page"}],"author":[{"embeddable":true,"href":"\/es_es\/wp-json\/wp\/v2\/users\/2"}],"replies":[{"embeddable":true,"href":"\/es_es\/wp-json\/wp\/v2\/comments?post=2739"}],"version-history":[{"count":19,"href":"\/es_es\/wp-json\/wp\/v2\/pages\/2739\/revisions"}],"predecessor-version":[{"id":3233,"href":"\/es_es\/wp-json\/wp\/v2\/pages\/2739\/revisions\/3233"}],"wp:featuredmedia":[{"embeddable":true,"href":"\/es_es\/wp-json\/wp\/v2\/media\/1844"}],"wp:attachment":[{"href":"\/es_es\/wp-json\/wp\/v2\/media?parent=2739"}],"curies":[{"name":"wp","href":"https:\/\/api.w.org\/{rel}","templated":true}]}}