{"id":2778,"date":"2019-02-01T09:59:36","date_gmt":"2019-02-01T09:59:36","guid":{"rendered":"https:\/\/asesoriavh.net\/?page_id=2778"},"modified":"2023-07-22T13:11:40","modified_gmt":"2023-07-22T13:11:40","slug":"creacion-de-sociedades-urgentes-online-espana","status":"publish","type":"page","link":"\/ca\/creacion-de-sociedades-urgentes-online-espana\/","title":{"rendered":"Creaci\u00f3 de societats"},"content":{"rendered":"<div class=\"vc_row wpb_row vc_row-fluid\"><div class=\"niletheme-section-row niletheme_row    niletheme_row niletheme-container\"><div class=\"wpb_column vc_column_container vc_col-sm-12\"><div class=\"vc_column-inner\"><div class=\"wpb_wrapper\"><link href=\"https:\/\/fonts.googleapis.com\/css?family=Raleway:800\" rel=\"stylesheet\" property=\"stylesheet\" type=\"text\/css\" media=\"all\">\n<div id=\"rev_slider_11_1_wrapper\" class=\"rev_slider_wrapper fullwidthbanner-container\" data-source=\"gallery\" style=\"margin:0px auto;background:transparent;padding:0px;margin-top:0px;margin-bottom:0px;\">\n<!-- START REVOLUTION SLIDER 5.4.8 fullwidth mode -->\n\t<div id=\"rev_slider_11_1\" class=\"rev_slider fullwidthabanner\" style=\"display:none;\" data-version=\"5.4.8\">\n<ul>\t<!-- SLIDE  -->\n\t<li data-index=\"rs-11\" data-transition=\"fade\" data-slotamount=\"default\" data-hideafterloop=\"0\" data-hideslideonmobile=\"off\"  data-easein=\"default\" data-easeout=\"default\" data-masterspeed=\"300\"  data-rotate=\"0\"  data-saveperformance=\"off\"  data-title=\"Slide\" data-param1=\"\" data-param2=\"\" data-param3=\"\" data-param4=\"\" data-param5=\"\" data-param6=\"\" data-param7=\"\" data-param8=\"\" data-param9=\"\" data-param10=\"\" data-description=\"\">\n\t\t<!-- MAIN IMAGE -->\n\t\t<img src=\"https:\/\/asesoriavf.com\/wp-content\/plugins\/revslider\/admin\/assets\/images\/transparent.png\"  alt=\"\" title=\"Creaci\u00f3 de societats\"  data-bgposition=\"center center\" data-bgfit=\"cover\" data-bgrepeat=\"no-repeat\" class=\"rev-slidebg\" data-no-retina>\n\t\t<!-- LAYERS -->\n\n\t\t<!-- LAYER NR. 1 -->\n\t\t<div class=\"tp-caption   tp-resizeme\" \n\t\t\t id=\"slide-11-layer-1\" \n\t\t\t data-x=\"-538\" \n\t\t\t data-y=\"-6\" \n\t\t\t\t\t\tdata-width=\"['none','none','none','none']\"\n\t\t\tdata-height=\"['none','none','none','none']\"\n \n\t\t\tdata-type=\"image\" \n\t\t\tdata-responsive_offset=\"on\" \n\n\t\t\tdata-frames='[{\"delay\":0,\"speed\":300,\"frame\":\"0\",\"from\":\"opacity:0;\",\"to\":\"o:1;\",\"ease\":\"Power3.easeInOut\"},{\"delay\":\"wait\",\"speed\":300,\"frame\":\"999\",\"to\":\"opacity:0;\",\"ease\":\"Power3.easeInOut\"}]'\n\t\t\tdata-textalign=\"['inherit','inherit','inherit','inherit']\"\n\t\t\tdata-paddingtop=\"[0,0,0,0]\"\n\t\t\tdata-paddingright=\"[0,0,0,0]\"\n\t\t\tdata-paddingbottom=\"[0,0,0,0]\"\n\t\t\tdata-paddingleft=\"[0,0,0,0]\"\n\n\t\t\tstyle=\"z-index: 5;\"><img src=\"\/wp-content\/uploads\/2019\/01\/barcelona3portada-1.jpg\" alt=\"\" data-ww=\"2344px\" data-hh=\"919px\" data-no-retina> <\/div>\n\n\t\t<!-- LAYER NR. 2 -->\n\t\t<div class=\"tp-caption NotGeneric-Title   tp-resizeme\" \n\t\t\t id=\"slide-11-layer-2\" \n\t\t\t data-x=\"center\" data-hoffset=\"-1\" \n\t\t\t data-y=\"274\" \n\t\t\t\t\t\tdata-width=\"['auto']\"\n\t\t\tdata-height=\"['auto']\"\n \n\t\t\tdata-type=\"text\" \n\t\t\tdata-responsive_offset=\"on\" \n\n\t\t\tdata-frames='[{\"delay\":0,\"speed\":300,\"frame\":\"0\",\"from\":\"opacity:0;\",\"to\":\"o:1;\",\"ease\":\"Power3.easeInOut\"},{\"delay\":\"wait\",\"speed\":300,\"frame\":\"999\",\"to\":\"opacity:0;\",\"ease\":\"Power3.easeInOut\"}]'\n\t\t\tdata-textalign=\"['inherit','inherit','inherit','inherit']\"\n\t\t\tdata-paddingtop=\"[10,10,10,10]\"\n\t\t\tdata-paddingright=\"[0,0,0,0]\"\n\t\t\tdata-paddingbottom=\"[10,10,10,10]\"\n\t\t\tdata-paddingleft=\"[0,0,0,0]\"\n\n\t\t\tstyle=\"z-index: 6; white-space: nowrap; font-size: 50px; line-height: 50px; color: #ffffff; letter-spacing: 0px;\">CREACI\u00d3 DE SOCIETATS <\/div>\n\t<\/li>\n<\/ul>\n<div class=\"tp-bannertimer tp-bottom\" style=\"visibility: hidden !important;\"><\/div>\t<\/div>\n<script>var htmlDiv = document.getElementById(\"rs-plugin-settings-inline-css\"); var htmlDivCss=\".tp-caption.NotGeneric-Title,.NotGeneric-Title{color:rgba(255,255,255,1.00);font-size:70px;line-height:70px;font-weight:800;font-style:normal;font-family:Raleway;text-decoration:none;background-color:transparent;border-color:transparent;border-style:none;border-width:0px;border-radius:0 0 0 0px}\";\r\n\t\t\t\tif(htmlDiv) {\r\n\t\t\t\t\thtmlDiv.innerHTML = htmlDiv.innerHTML + htmlDivCss;\r\n\t\t\t\t}else{\r\n\t\t\t\t\tvar htmlDiv = document.createElement(\"div\");\r\n\t\t\t\t\thtmlDiv.innerHTML = \"<style>\" + htmlDivCss + \"<\/style>\";\r\n\t\t\t\t\tdocument.getElementsByTagName(\"head\")[0].appendChild(htmlDiv.childNodes[0]);\r\n\t\t\t\t}\r\n\t\t\t<\/script>\n\t\t<script type=\"text\/javascript\">\r\nif (setREVStartSize!==undefined) setREVStartSize(\r\n\t{c: '#rev_slider_11_1', gridwidth: [1240], gridheight: [500], sliderLayout: 'fullwidth'});\r\n\t\t\t\r\nvar revapi11,\r\n\ttpj;\t\r\n(function() {\t\t\t\r\n\tif (!\/loaded|interactive|complete\/.test(document.readyState)) document.addEventListener(\"DOMContentLoaded\",onLoad); else onLoad();\t\r\n\tfunction onLoad() {\t\t\t\t\r\n\t\tif (tpj===undefined) { tpj = jQuery; if(\"off\" == \"on\") tpj.noConflict();}\r\n\tif(tpj(\"#rev_slider_11_1\").revolution == undefined){\n\t\trevslider_showDoubleJqueryError(\"#rev_slider_11_1\");\n\t}else{\n\t\trevapi11 = tpj(\"#rev_slider_11_1\").show().revolution({\n\t\t\tsliderType:\"hero\",\n\t\t\tjsFileLocation:\"\/\/asesoriavf.com\/wp-content\/plugins\/revslider\/public\/assets\/js\/\",\n\t\t\tsliderLayout:\"fullwidth\",\n\t\t\tdottedOverlay:\"none\",\n\t\t\tdelay:9000,\n\t\t\tvisibilityLevels:[1240,1024,778,480],\n\t\t\tgridwidth:1240,\n\t\t\tgridheight:500,\n\t\t\tlazyType:\"none\",\n\t\t\tshadow:0,\n\t\t\tspinner:\"spinner0\",\n\t\t\tautoHeight:\"off\",\n\t\t\tdisableProgressBar:\"on\",\n\t\t\thideThumbsOnMobile:\"off\",\n\t\t\thideSliderAtLimit:0,\n\t\t\thideCaptionAtLimit:0,\n\t\t\thideAllCaptionAtLilmit:0,\n\t\t\tdebugMode:false,\n\t\t\tfallbacks: {\n\t\t\t\tsimplifyAll:\"off\",\n\t\t\t\tdisableFocusListener:false,\n\t\t\t}\n\t\t});\n\t}; \/* END OF revapi call *\/\n\t\n }; \/* END OF ON LOAD FUNCTION *\/\r\n}()); \/* END OF WRAPPING FUNCTION *\/\r\n<\/script>\r\n\t\t<\/div><!-- END REVOLUTION SLIDER --><\/div><\/div><\/div><\/div><\/div><div class=\"vc_row wpb_row vc_row-fluid vc_custom_1548764449745 vc_row-has-fill\"><div class=\"niletheme-section-row niletheme_row    niletheme_row niletheme-container\"><div class=\"wpb_column vc_column_container vc_col-sm-12\"><div class=\"vc_column-inner\"><div class=\"wpb_wrapper\"><div class=\"vc_row wpb_row vc_inner vc_row-fluid vc_column-gap-35\"><div class=\"wpb_column vc_column_container vc_col-sm-4 vc_col-has-fill\"><div class=\"vc_column-inner vc_custom_1548771662164\"><div class=\"wpb_wrapper\"><div class=\"nile-inner-row\">\n\t<div class=\"wpb_text_column wpb_content_element\" >\n\t\t<div class=\"wpb_wrapper\">\n\t\t\t<p>Comptem amb tota l\u2019experi\u00e8ncia i informaci\u00f3 oficial actualitzada necess\u00e0ria per respondre qualsevol pregunta o dubte de la manera m\u00e9s r\u00e0pida i definitiva possible:<\/p>\n<p><a href=\"https:\/\/asesoriavh.com\/gestion-inversion-extranjera-barcelona-espana-inmobiliaria\/\">Inversi\u00f3 estrangera<\/a><\/p>\n<hr>\n<p><a href=\"https:\/\/asesoriavh.com\/creacion-de-sociedades-urgentes-online-espana\/\">Creaci\u00f3 de societats<\/a><\/p>\n<hr>\n<p><a href=\"https:\/\/asesoriavh.com\/servicios-notaria-urgente-barcelona\/\">Notaria<\/a><\/p>\n<hr>\n<p><a href=\"https:\/\/asesoriavh.com\/tramites-direccion-general-de-trafico-barcelona\/\">Direcci\u00f3 General de Tr\u00e0nsit<\/a><\/p>\n<hr>\n<p><a href=\"https:\/\/asesoriavh.com\/gestoria-fiscal-contable-barcelona-empresas-autonomos\/\">Ag\u00e8ncia Tribut\u00e0ria<\/a><\/p>\n<hr>\n<p><a href=\"https:\/\/asesoriavh.com\/tramites-registro-de-la-propiedad-barcelona-espana\/\">Registre de la Propietat<\/a><\/p>\n<hr>\n<p><a href=\"https:\/\/asesoriavh.com\/tramites-tesoreria-seguridad-social-gestoria-derecho-laboral\/\">Tresoreria de la Seguretat Social<\/a><\/p>\n<hr>\n<p><a href=\"https:\/\/asesoriavh.com\/tramites-registro-mercantil-urgentes-barcelona\/\">Registre Mercantil<\/a><\/p>\n<hr>\n<p><a href=\"https:\/\/asesoriavh.com\/traducciones-jurada-urgentes-apostilla-de-la-haya-espana-barcelona-madrid\/\">Traduccions jurades<\/a><\/p>\n\n\t\t<\/div>\n\t<\/div>\n<\/div><\/div><\/div><\/div><div class=\"wpb_column vc_column_container vc_col-sm-8\"><div class=\"vc_column-inner-nile vc_custom_1548756309778\"><div class=\"wpb_wrapper\"><div class=\"accordion-1 nile-accordion\">\n\t<div class=\"wpb_text_column wpb_content_element  vc_custom_1549015080397\" >\n\t\t<div class=\"wpb_wrapper\">\n\t\t\t<p>A l' <a href=\"https:\/\/asesoriavh.com\"><span style=\"color: #146fa3;\"><strong>Assesoria VH<\/strong><\/span><\/a> ens posem a la seva disposici\u00f3 com a Centre PAE Oficial  (Punt d\u2019Atenci\u00f3 a l\u2019Emprenedor) per la Creaci\u00f3 d\u2019Empreses en 24 hores per via telem\u00e0tica, servei tamb\u00e9 conegut com a Constituci\u00f3 R\u00e0pida de Societats Limitades, acreditaci\u00f3 per a la qualha estat atorgada pel Centre d\u2019Informaci\u00f3 i Xarxa de Creaci\u00f3 d\u2019Empreses (CIRCE)<\/p>\n<p>Amb el procediment telem\u00e0tic, que utilitzem en l\u2019 <a href=\"https:\/\/asesoriavh.com\"><span style=\"color: #146fa3;\"><strong>Assesoria VH<\/strong><\/span><\/a>, la creaci\u00f3 de la seva empresa ser\u00e0 m\u00e9s r\u00e0pida (24 hores), m\u00e9s c\u00f2mode i, sobretot, m\u00e9s econ\u00f2mica, ja que haur\u00e0de realitzar nom\u00e9s una gesti\u00f3 presencial: la visita al notari.<\/p>\n<p>Tampocno haur\u00e0 de despla\u00e7ar-se per realitzar la resta dels tr\u00e0mits de constituci\u00f3 de societats i no necessitar\u00e0 utilitzar formularis en paper, ja que el nostre equip del Centre PAE s\u2019encarregar\u00e0 de complementar les seves dades al Document \u00danic Electr\u00f2nic (DUE), essentel Sistema de Tramitaci\u00f3 Telem\u00e0tica del Centre d\u2019informaci\u00f3 i Xarxa de Creaci\u00f3 d\u2019Empreses (STT-CIRCE) el quirealitzar\u00e0 les seg\u00fcents gestions:<\/p>\n\n\t\t<\/div>\n\t<\/div>\n\r\n  <div class=\"card\">\r\n    <div class=\"card-header\" id=\"heading_54455608\">\r\n      <h5 class=\"mb-0\">\r\n        <button class=\"btn btn-block btn-link collapsed no_active\" data-toggle=\"collapse\" data-target=\"#collapse_54455608\"\r\n        aria-expanded=\"false\" aria-controls=\"collapse_54455608\">\r\n          <i class=\"fa\"><\/i> Gestions online de la nova societat\r\n        <\/button>\r\n      <\/h5>\r\n    <\/div>\r\n    <div id=\"collapse_54455608\" class=\"collapse\" aria-labelledby=\"heading_54455608\" data-parent=\".accordion-1\">\r\n        <div class=\"card-body\">\r\n          Reserva de la Denominaci\u00f3 Social (Nom\u00e9s SLNE).<br \/>\nReserva de cita amb la notaria.<br \/>\nSol\u00b7licitud del NIF provisional.<br \/>\nPresentaci\u00f3 de la Declaraci\u00f3 Censal d\u2019Inici d\u2019Activitat.<br \/>\nLiquidaci\u00f3 de l\u2019Impost de Transmissions Patrimonials i Actes Jur\u00eddics Documentats (ITP\/AJD) a la Comunitat Aut\u00f2noma corresponent.<br \/>\nInscripci\u00f3 al Registre Mercantil Provincial.<br \/>\nTr\u00e0mits amb la Tresoreria General de la Seguretat Social.<br \/>\nInclusi\u00f3 de fitxers de dades amb informaci\u00f3 personal a l\u2019Ag\u00e8ncia de Protecci\u00f3 de Dades.<br \/>\nPetici\u00f3 de la sol\u00b7licitud de reserva d\u2019una Marca o Nom Comercial a l\u2019Oficina Espanyola de Patents i Marques.<br \/>\nReserva de domini d\u2019internet.<br \/>\nSol\u00b7licitud del NIF definitiu.\r\n        <\/div>\r\n      <\/div>\r\n    <\/div><style type=\"text\/css\">.vc_btn3-style-gradient-custom.vc_btn-gradient-btn-69e24dbaadd28:hover{color: #ffffff;background-color: #063972;border: none;background-position: 100% 0;}<\/style><style type=\"text\/css\">.vc_btn3-style-gradient-custom.vc_btn-gradient-btn-69e24dbaadd28{color: #ffffff;border: none;background-color: #1e5491;background-image: -webkit-linear-gradient(left, #1e5491 0%, #063972 50%,#1e5491 100%);background-image: linear-gradient(to right, #1e5491 0%, #063972 50%,#1e5491 100%);-webkit-transition: all .2s ease-in-out;transition: all .2s ease-in-out;background-size: 200% 100%;}<\/style><div class=\"vc_btn3-container vc_btn3-center\" >\n\t<a data-vc-gradient-1=\"#1e5491\" data-vc-gradient-2=\"#063972\" class=\"vc_general vc_btn3 vc_btn3-size-sm vc_btn3-shape-round vc_btn3-style-gradient-custom vc_btn3-block vc_btn-gradient-btn-69e24dbaadd28\" href=\"https:\/\/asesoriavh.com\/contacto\/\" title=\"\">CONTACTA AMB NOSALTRES<\/a><\/div>\n<\/div><\/div><\/div><\/div><\/div><\/div><\/div><\/div><\/div><\/div><div data-vc-full-width=\"true\" data-vc-full-width-init=\"false\" data-vc-stretch-content=\"true\" class=\"vc_row wpb_row vc_row-fluid vc_custom_1548149995774 vc_row-has-fill vc_column-gap-35\"><div class=\"niletheme-section-row niletheme_row    niletheme_row niletheme-container\"><div class=\"wpb_column vc_column_container vc_col-sm-8\"><div class=\"vc_column-inner vc_custom_1548150115625\"><div class=\"wpb_wrapper\">\n\t<div class=\"wpb_text_column wpb_content_element  vc_custom_1552560350408\" >\n\t\t<div class=\"wpb_wrapper\">\n\t\t\t<p><strong><span style=\"font-size: 35px; color: #ffffff;\">Primera consulta GRATU\u00cfTA!<\/span><\/strong><br \/>\n<span style=\"font-size: 16px; color: #ffffff;\">Contacta amb nosaltres i atendrem la teva consulta amb total confidencialitat.<\/span><\/p>\n\n\t\t<\/div>\n\t<\/div>\n<\/div><\/div><\/div><div class=\"wpb_column vc_column_container vc_col-sm-4\"><div class=\"vc_column-inner\"><div class=\"wpb_wrapper\"><style type=\"text\/css\">.vc_btn3-style-gradient-custom.vc_btn-gradient-btn-69e24dbac184f:hover{color: #ffffff;background-color: #063972;border: none;background-position: 100% 0;}<\/style><style type=\"text\/css\">.vc_btn3-style-gradient-custom.vc_btn-gradient-btn-69e24dbac184f{color: #ffffff;border: none;background-color: #1e5491;background-image: -webkit-linear-gradient(left, #1e5491 0%, #063972 50%,#1e5491 100%);background-image: linear-gradient(to right, #1e5491 0%, #063972 50%,#1e5491 100%);-webkit-transition: all .2s ease-in-out;transition: all .2s ease-in-out;background-size: 200% 100%;}<\/style><div class=\"vc_btn3-container vc_btn3-center vc_custom_1550483529864\" >\n\t<a data-vc-gradient-1=\"#1e5491\" data-vc-gradient-2=\"#063972\" class=\"vc_general vc_btn3 vc_btn3-size-lg vc_btn3-shape-round vc_btn3-style-gradient-custom vc_btn-gradient-btn-69e24dbac184f\" href=\"https:\/\/asesoriavh.com\/consultas\/\" title=\"\">CONTACTA<\/a><\/div>\n<\/div><\/div><\/div><\/div><\/div><div class=\"vc_row-full-width vc_clearfix\"><\/div><div data-vc-full-width=\"true\" data-vc-full-width-init=\"false\" data-vc-stretch-content=\"true\" class=\"vc_row wpb_row vc_row-fluid vc_custom_1548764379817 vc_row-no-padding\"><div class=\"niletheme-section-row niletheme_row    niletheme_row full_width\"><div class=\"wpb_column vc_column_container vc_col-sm-12\"><div class=\"vc_column-inner\"><div class=\"wpb_wrapper\">\n\t<div class=\"wpb_text_column wpb_content_element\" >\n\t\t<div class=\"wpb_wrapper\">\n\t\t\t<div id=\"wpgmza_map\" class=\"wpgmza_map\" data-settings='{\"id\":\"1\",\"map_title\":\"Asesoria VH\",\"map_width\":\"100\",\"map_height\":\"400\",\"map_start_lat\":\"41.358064\",\"map_start_lng\":\"2.115199\",\"map_start_location\":\"41.35806370347794,2.1151993680624788\",\"map_start_zoom\":\"16\",\"default_marker\":\"0\",\"type\":\"1\",\"alignment\":\"1\",\"directions_enabled\":\"1\",\"styling_enabled\":\"0\",\"styling_json\":\"\",\"active\":\"0\",\"kml\":\"\",\"bicycle\":\"0\",\"traffic\":\"0\",\"dbox\":\"1\",\"dbox_width\":\"100\",\"listmarkers\":\"0\",\"listmarkers_advanced\":\"0\",\"filterbycat\":\"0\",\"ugm_enabled\":\"0\",\"ugm_category_enabled\":\"0\",\"fusion\":\"\",\"map_width_type\":\"\\\\%\",\"map_height_type\":\"px\",\"mass_marker_support\":\"1\",\"ugm_access\":\"0\",\"order_markers_by\":\"1\",\"order_markers_choice\":\"2\",\"show_user_location\":\"0\",\"default_to\":\"\",\"other_settings\":{\"store_locator_enabled\":2,\"store_locator_distance\":2,\"store_locator_default_radius\":\"10\",\"store_locator_not_found_message\":\"No results found in this location. Please try again.\",\"store_locator_bounce\":1,\"store_locator_query_string\":\"ZIP \\\/ C\\u00f3digo Postal \\\/ Direcci\\u00f3n\",\"store_locator_default_address\":\"\",\"wpgmza_store_locator_restrict\":\"\",\"store_locator_style\":\"modern\",\"wpgmza_store_locator_radius_style\":\"modern\",\"map_max_zoom\":\"1\",\"transport_layer\":0,\"wpgmza_show_points_of_interest\":0,\"wpgmza_auto_night\":0}}' data-map-id='1' data-maps-engine='open-layers' data-shortcode-attributes='{\"id\":\"1\"}' style=\"display:block; overflow:auto; width:100%; height:400px; float:left;\"><\/div>\n\n\t\t<\/div>\n\t<\/div>\n<\/div><\/div><\/div><\/div><\/div><div class=\"vc_row-full-width vc_clearfix\"><\/div><div class=\"vc_row wpb_row vc_row-fluid vc_custom_1548688394188 vc_row-has-fill\"><div class=\"niletheme-section-row niletheme_row    niletheme_row niletheme-container\"><div class=\"wpb_column vc_column_container vc_col-sm-3\"><div class=\"vc_column-inner vc_custom_1548688387301\"><div class=\"wpb_wrapper\">\n\t<div class=\"wpb_text_column wpb_content_element\" >\n\t\t<div class=\"wpb_wrapper\">\n\t\t\t<p><img decoding=\"async\" class=\"alignnone wp-image-1767\" src=\"\/wp-content\/uploads\/2023\/07\/logo21-2.jpg\" alt=\"\" \/><\/p>\n<p>c\/ Caterina Albert, 8<br \/>\n08907 L\u2019Hospitalet de Llobregat<br \/>\n<a style=\"color: #188fc3;\" href=\"mailto:administracion@asesoriavh.com\">administracion@asesoriavh.com<\/a><br \/>\nT: <a style=\"color: #188fc3;\" href=\"tel:619 811 894\">619 811 894<\/a><\/p>\n\n\t\t<\/div>\n\t<\/div>\n<\/div><\/div><\/div><div class=\"wpb_column vc_column_container vc_col-sm-3\"><div class=\"vc_column-inner\"><div class=\"wpb_wrapper\"><\/div><\/div><\/div><div class=\"wpb_column vc_column_container vc_col-sm-3\"><div class=\"vc_column-inner\"><div class=\"wpb_wrapper\">\n\t<div class=\"wpb_text_column wpb_content_element\" >\n\t\t<div class=\"wpb_wrapper\">\n\t\t\t<h4 class=\"title\">ELS NOSTRES SERVEIS<\/h4>\n<p><span style=\"font-size: 13,5px;\"><a style=\"color: #188fc3;\" href=\"https:\/\/asesoriavh.com\/gestoria-fiscal-contable-barcelona-empresas-autonomos\/\">Assessoria fiscal i comptable<\/a><br \/>\n<a style=\"color: #188fc3;\" href=\"https:\/\/asesoriavh.com\/gestoria-laboral-contratos-seguridad-social\/\">Assessoria laboral<\/a><br \/>\n<a style=\"color: #188fc3;\" href=\"https:\/\/asesoriavh.com\/asesoria-financiera-inversion-extranjera\/\">Assessoria financera<\/a><br \/>\n<a style=\"color: #188fc3;\" href=\"https:\/\/asesoriavh.com\/inversion-inmobiliaria-gestor-barcelona-extranjera\/\">Assessoria immobili\u00e0ria<\/a><br \/>\n<a style=\"color: #188fc3;\" href=\"https:\/\/asesoriavh.com\/extranjeria-barcelona-residencia\/\">Estrangeria<\/a><\/span><\/p>\n\n\t\t<\/div>\n\t<\/div>\n<\/div><\/div><\/div><div class=\"wpb_column vc_column_container vc_col-sm-3\"><div class=\"vc_column-inner\"><div class=\"wpb_wrapper\">\n\t<div class=\"wpb_text_column wpb_content_element\" >\n\t\t<div class=\"wpb_wrapper\">\n\t\t\t<h4 class=\"title\">ENLLA\u00c7OS D\u2019INTER\u00c8S<\/h4>\n<p><span style=\"font-size: 13,5px;\"><a style=\"color: #188fc3;\" href=\"https:\/\/www.agenciatributaria.es\/\" target=\"_blank\" rel=\"noopener noreferrer\">Ag\u00e8ncia Tribut\u00e0ria<\/a><br \/>\n<a style=\"color: #188fc3;\" href=\"http:\/\/www.seg-social.es\/wps\/portal\/wss\/internet\/Inicio\" target=\"_blank\" rel=\"noopener noreferrer\">Seguretat Social<\/a><br \/>\n<a style=\"color: #188fc3;\" href=\"http:\/\/www.sepe.es\/contenidos\/intermedia.html\" target=\"_blank\" rel=\"noopener noreferrer\">INEM<\/a><br \/>\n<a style=\"color: #188fc3;\" href=\"http:\/\/www.dgt.es\/es\/\" target=\"_blank\" rel=\"noopener noreferrer\">DGT<\/a><br \/>\n<a style=\"color: #188fc3;\" href=\"https:\/\/www.ine.es\/\" target=\"_blank\" rel=\"noopener noreferrer\">INE<\/a><\/span><\/p>\n\n\t\t<\/div>\n\t<\/div>\n<\/div><\/div><\/div><\/div><\/div><div class=\"vc_row wpb_row vc_row-fluid vc_custom_1548694326465 vc_row-has-fill\"><div class=\"niletheme-section-row niletheme_row    niletheme_row niletheme-container\"><div class=\"wpb_column vc_column_container vc_col-sm-12\"><div class=\"vc_column-inner\"><div class=\"wpb_wrapper\"><div class=\"vc_separator wpb_content_element vc_separator_align_center vc_sep_width_100 vc_sep_pos_align_center vc_separator_no_text vc_sep_color_grey\" ><span class=\"vc_sep_holder vc_sep_holder_l\"><span  class=\"vc_sep_line\"><\/span><\/span><span class=\"vc_sep_holder vc_sep_holder_r\"><span  class=\"vc_sep_line\"><\/span><\/span>\n<\/div><\/div><\/div><\/div><\/div><\/div><div class=\"vc_row wpb_row vc_row-fluid vc_custom_1548694307239 vc_row-has-fill\"><div class=\"niletheme-section-row niletheme_row    niletheme_row niletheme-container\"><div class=\"wpb_column vc_column_container vc_col-sm-6\"><div class=\"vc_column-inner\"><div class=\"wpb_wrapper\">\n\t<div class=\"wpb_text_column wpb_content_element  vc_custom_1690031497988\" >\n\t\t<div class=\"wpb_wrapper\">\n\t\t\t<p><span style=\"font-size: small;\">\u00a9 2019 Asesor\u00eda VH. Tots els drets reservats<\/span><\/p>\n\n\t\t<\/div>\n\t<\/div>\n<\/div><\/div><\/div><div class=\"wpb_column vc_column_container vc_col-sm-2\"><div class=\"vc_column-inner\"><div class=\"wpb_wrapper\">\n\t<div class=\"wpb_text_column wpb_content_element\" >\n\t\t<div class=\"wpb_wrapper\">\n\t\t\t<p style=\"text-align: right;\"><span style=\"font-size: smaller;\"><a style=\"color: #188fc3;\" href=\"https:\/\/asesoriavh.com\/legal\/aviso-legal\">Av\u00eds legal<\/a><\/span><\/p>\n\n\t\t<\/div>\n\t<\/div>\n<\/div><\/div><\/div><div class=\"wpb_column vc_column_container vc_col-sm-2\"><div class=\"vc_column-inner\"><div class=\"wpb_wrapper\">\n\t<div class=\"wpb_text_column wpb_content_element  vc_custom_1548769698378\" >\n\t\t<div class=\"wpb_wrapper\">\n\t\t\t<p style=\"text-align: right;\"><span style=\"font-size: smaller;\"><a style=\"color: #188fc3;\" href=\"https:\/\/asesoriavh.com\/legal\/politica-de-confidencialidad\">Pol\u00edtica de confidencialitat&nbsp;<\/a><\/span><\/p>\n\n\t\t<\/div>\n\t<\/div>\n<\/div><\/div><\/div><div class=\"wpb_column vc_column_container vc_col-sm-2\"><div class=\"vc_column-inner\"><div class=\"wpb_wrapper\">\n\t<div class=\"wpb_text_column wpb_content_element\" >\n\t\t<div class=\"wpb_wrapper\">\n\t\t\t<p style=\"text-align: right;\"><span style=\"font-size: smaller;\"><a style=\"color: #188fc3;\" href=\"https:\/\/asesoriavh.com\/legal\/politica-de-cookies\">Pol\u00edtica de cookies&nbsp;<\/a><\/span><\/p>\n\n\t\t<\/div>\n\t<\/div>\n<\/div><\/div><\/div><\/div><\/div>","protected":false},"excerpt":{"rendered":"CREACI\u00d3N DE SOCIEDADES var htmlDiv = document.getElementById(\"rs-plugin-settings-inline-css\"); var htmlDivCss=\".tp-caption.NotGeneric-Title,.NotGeneric-Title{color:rgba(255,255,255,1.00);font-size:70px;line-height:70px;font-weight:800;font-style:normal;font-family:Raleway;text-decoration:none;background-color:transparent;border-color:transparent;border-style:none;border-width:0px;border-radius:0 0 0 0px}\"; if(htmlDiv) { htmlDiv.innerHTML = htmlDiv.innerHTML + htmlDivCss; }else{ var htmlDiv = document.createElement(\"div\"); htmlDiv.innerHTML = \"\" + htmlDivCss + \"\"; document.getElementsByTagName(\"head\")[0].appendChild(htmlDiv.childNodes[0]); } if (setREVStartSize!==undefined) setREVStartSize( {c: '#rev_slider_11_2', gridwidth: [1240], gridheight: [500], sliderLayout: 'fullwidth'}); var revapi11, tpj; (function() { if (!\/loaded|interactive|complete\/.test(document.readyState)) document.addEventListener(\"DOMContentLoaded\",onLoad); else onLoad(); function [...]","protected":false},"author":2,"featured_media":2330,"parent":0,"menu_order":0,"comment_status":"closed","ping_status":"closed","template":"page-templates\/home-page.php","meta":[],"aioseo_notices":[],"_links":{"self":[{"href":"\/ca\/wp-json\/wp\/v2\/pages\/2778"}],"collection":[{"href":"\/ca\/wp-json\/wp\/v2\/pages"}],"about":[{"href":"\/ca\/wp-json\/wp\/v2\/types\/page"}],"author":[{"embeddable":true,"href":"\/ca\/wp-json\/wp\/v2\/users\/2"}],"replies":[{"embeddable":true,"href":"\/ca\/wp-json\/wp\/v2\/comments?post=2778"}],"version-history":[{"count":15,"href":"\/ca\/wp-json\/wp\/v2\/pages\/2778\/revisions"}],"predecessor-version":[{"id":3217,"href":"\/ca\/wp-json\/wp\/v2\/pages\/2778\/revisions\/3217"}],"wp:featuredmedia":[{"embeddable":true,"href":"\/ca\/wp-json\/wp\/v2\/media\/2330"}],"wp:attachment":[{"href":"\/ca\/wp-json\/wp\/v2\/media?parent=2778"}],"curies":[{"name":"wp","href":"https:\/\/api.w.org\/{rel}","templated":true}]}}