{"id":1879,"date":"2019-01-16T12:16:41","date_gmt":"2019-01-16T12:16:41","guid":{"rendered":"https:\/\/asesoriavh.net\/?page_id=1879"},"modified":"2023-07-22T13:12:41","modified_gmt":"2023-07-22T13:12:41","slug":"gestoria-fiscal-contable-barcelona-empresas-autonomos","status":"publish","type":"page","link":"\/ca\/gestoria-fiscal-contable-barcelona-empresas-autonomos\/","title":{"rendered":"Fiscal y contable"},"content":{"rendered":"<div class=\"vc_row wpb_row vc_row-fluid\"><div class=\"niletheme-section-row niletheme_row    niletheme_row niletheme-container\"><div class=\"wpb_column vc_column_container vc_col-sm-12\"><div class=\"vc_column-inner\"><div class=\"wpb_wrapper\"><link href=\"https:\/\/fonts.googleapis.com\/css?family=Raleway:800\" rel=\"stylesheet\" property=\"stylesheet\" type=\"text\/css\" media=\"all\">\n<div id=\"rev_slider_3_1_wrapper\" class=\"rev_slider_wrapper fullwidthbanner-container\" data-source=\"gallery\" style=\"margin:0px auto;background:transparent;padding:0px;margin-top:0px;margin-bottom:0px;\">\n<!-- START REVOLUTION SLIDER 5.4.8 fullwidth mode -->\n\t<div id=\"rev_slider_3_1\" class=\"rev_slider fullwidthabanner\" style=\"display:none;\" data-version=\"5.4.8\">\n<ul>\t<!-- SLIDE  -->\n\t<li data-index=\"rs-3\" data-transition=\"fade\" data-slotamount=\"default\" data-hideafterloop=\"0\" data-hideslideonmobile=\"off\"  data-easein=\"default\" data-easeout=\"default\" data-masterspeed=\"300\"  data-rotate=\"0\"  data-saveperformance=\"off\"  data-title=\"Slide\" data-param1=\"\" data-param2=\"\" data-param3=\"\" data-param4=\"\" data-param5=\"\" data-param6=\"\" data-param7=\"\" data-param8=\"\" data-param9=\"\" data-param10=\"\" data-description=\"\">\n\t\t<!-- MAIN IMAGE -->\n\t\t<img src=\"https:\/\/asesoriavf.com\/wp-content\/plugins\/revslider\/admin\/assets\/images\/transparent.png\"  alt=\"\" title=\"Fiscal y contable\"  data-bgposition=\"center center\" data-bgfit=\"cover\" data-bgrepeat=\"no-repeat\" class=\"rev-slidebg\" data-no-retina>\n\t\t<!-- LAYERS -->\n\n\t\t<!-- LAYER NR. 1 -->\n\t\t<div class=\"tp-caption   tp-resizeme\" \n\t\t\t id=\"slide-3-layer-5\" \n\t\t\t data-x=\"-656\" \n\t\t\t data-y=\"-508\" \n\t\t\t\t\t\tdata-width=\"['none','none','none','none']\"\n\t\t\tdata-height=\"['none','none','none','none']\"\n \n\t\t\tdata-type=\"image\" \n\t\t\tdata-responsive_offset=\"on\" \n\n\t\t\tdata-frames='[{\"delay\":20,\"speed\":300,\"frame\":\"0\",\"from\":\"opacity:0;\",\"to\":\"o:1;\",\"ease\":\"Power3.easeInOut\"},{\"delay\":\"wait\",\"speed\":300,\"frame\":\"999\",\"to\":\"opacity:0;\",\"ease\":\"Power3.easeInOut\"}]'\n\t\t\tdata-textalign=\"['inherit','inherit','inherit','inherit']\"\n\t\t\tdata-paddingtop=\"[0,0,0,0]\"\n\t\t\tdata-paddingright=\"[0,0,0,0]\"\n\t\t\tdata-paddingbottom=\"[0,0,0,0]\"\n\t\t\tdata-paddingleft=\"[0,0,0,0]\"\n\n\t\t\tstyle=\"z-index: 5;\"><img src=\"\/wp-content\/uploads\/2019\/01\/2-2.jpg\" alt=\"\" data-ww=\"2504px\" data-hh=\"1094px\" data-no-retina> <\/div>\n\n\t\t<!-- LAYER NR. 2 -->\n\t\t<div class=\"tp-caption NotGeneric-Title   tp-resizeme\" \n\t\t\t id=\"slide-3-layer-3\" \n\t\t\t data-x=\"center\" data-hoffset=\"\" \n\t\t\t data-y=\"275\" \n\t\t\t\t\t\tdata-width=\"['auto']\"\n\t\t\tdata-height=\"['auto']\"\n \n\t\t\tdata-type=\"text\" \n\t\t\tdata-responsive_offset=\"on\" \n\n\t\t\tdata-frames='[{\"delay\":20,\"speed\":300,\"frame\":\"0\",\"from\":\"opacity:0;\",\"to\":\"o:1;\",\"ease\":\"Power3.easeInOut\"},{\"delay\":\"wait\",\"speed\":300,\"frame\":\"999\",\"to\":\"opacity:0;\",\"ease\":\"Power3.easeInOut\"}]'\n\t\t\tdata-textalign=\"['inherit','inherit','inherit','inherit']\"\n\t\t\tdata-paddingtop=\"[10,10,10,10]\"\n\t\t\tdata-paddingright=\"[0,0,0,0]\"\n\t\t\tdata-paddingbottom=\"[10,10,10,10]\"\n\t\t\tdata-paddingleft=\"[0,0,0,0]\"\n\n\t\t\tstyle=\"z-index: 6; white-space: nowrap; font-size: 50px; color: #ffffff; letter-spacing: 0px;\">ASSESSORIA FISCAL I COMPTABLE <\/div>\n\t<\/li>\n<\/ul>\n<div class=\"tp-bannertimer tp-bottom\" style=\"visibility: hidden !important;\"><\/div>\t<\/div>\n<script>var htmlDiv = document.getElementById(\"rs-plugin-settings-inline-css\"); var htmlDivCss=\".tp-caption.NotGeneric-Title,.NotGeneric-Title{color:rgba(255,255,255,1.00);font-size:70px;line-height:70px;font-weight:800;font-style:normal;font-family:Raleway;text-decoration:none;background-color:transparent;border-color:transparent;border-style:none;border-width:0px;border-radius:0 0 0 0px}\";\r\n\t\t\t\tif(htmlDiv) {\r\n\t\t\t\t\thtmlDiv.innerHTML = htmlDiv.innerHTML + htmlDivCss;\r\n\t\t\t\t}else{\r\n\t\t\t\t\tvar htmlDiv = document.createElement(\"div\");\r\n\t\t\t\t\thtmlDiv.innerHTML = \"<style>\" + htmlDivCss + \"<\/style>\";\r\n\t\t\t\t\tdocument.getElementsByTagName(\"head\")[0].appendChild(htmlDiv.childNodes[0]);\r\n\t\t\t\t}\r\n\t\t\t<\/script>\n\t\t<script type=\"text\/javascript\">\r\nif (setREVStartSize!==undefined) setREVStartSize(\r\n\t{c: '#rev_slider_3_1', gridwidth: [1240], gridheight: [500], sliderLayout: 'fullwidth'});\r\n\t\t\t\r\nvar revapi3,\r\n\ttpj;\t\r\n(function() {\t\t\t\r\n\tif (!\/loaded|interactive|complete\/.test(document.readyState)) document.addEventListener(\"DOMContentLoaded\",onLoad); else onLoad();\t\r\n\tfunction onLoad() {\t\t\t\t\r\n\t\tif (tpj===undefined) { tpj = jQuery; if(\"off\" == \"on\") tpj.noConflict();}\r\n\tif(tpj(\"#rev_slider_3_1\").revolution == undefined){\n\t\trevslider_showDoubleJqueryError(\"#rev_slider_3_1\");\n\t}else{\n\t\trevapi3 = tpj(\"#rev_slider_3_1\").show().revolution({\n\t\t\tsliderType:\"hero\",\n\t\t\tjsFileLocation:\"\/\/asesoriavf.com\/wp-content\/plugins\/revslider\/public\/assets\/js\/\",\n\t\t\tsliderLayout:\"fullwidth\",\n\t\t\tdottedOverlay:\"none\",\n\t\t\tdelay:9000,\n\t\t\tvisibilityLevels:[1240,1024,778,480],\n\t\t\tgridwidth:1240,\n\t\t\tgridheight:500,\n\t\t\tlazyType:\"none\",\n\t\t\tshadow:0,\n\t\t\tspinner:\"spinner0\",\n\t\t\tautoHeight:\"off\",\n\t\t\tdisableProgressBar:\"on\",\n\t\t\thideThumbsOnMobile:\"off\",\n\t\t\thideSliderAtLimit:0,\n\t\t\thideCaptionAtLimit:0,\n\t\t\thideAllCaptionAtLilmit:0,\n\t\t\tdebugMode:false,\n\t\t\tfallbacks: {\n\t\t\t\tsimplifyAll:\"off\",\n\t\t\t\tdisableFocusListener:false,\n\t\t\t}\n\t\t});\n\t}; \/* END OF revapi call *\/\n\t\n }; \/* END OF ON LOAD FUNCTION *\/\r\n}()); \/* END OF WRAPPING FUNCTION *\/\r\n<\/script>\r\n\t\t<\/div><!-- END REVOLUTION SLIDER --><\/div><\/div><\/div><\/div><\/div><div data-vc-full-width=\"true\" data-vc-full-width-init=\"false\" data-vc-stretch-content=\"true\" class=\"vc_row wpb_row vc_row-fluid vc_custom_1548757268487 vc_row-has-fill vc_column-gap-35\"><div class=\"niletheme-section-row niletheme_row    niletheme_row niletheme-container\"><div class=\"wpb_column vc_column_container vc_col-sm-12\"><div class=\"vc_column-inner vc_custom_1547809371271\"><div class=\"wpb_wrapper\"><div class=\"vc_row wpb_row vc_inner vc_row-fluid vc_column-gap-35\"><div class=\"wpb_column vc_column_container vc_col-sm-4 vc_col-has-fill\"><div class=\"vc_column-inner vc_custom_1550505972792\"><div class=\"wpb_wrapper\"><div class=\"nile-inner-row\">\n\t<div class=\"wpb_text_column wpb_content_element\" >\n\t\t<div class=\"wpb_wrapper\">\n\t\t\t<p>Comptem amb tota l\u2019experi\u00e8ncia i informaci\u00f3 oficial actualitzada necess\u00e0ria per respondre qualsevol pregunta o dubte de la manera m\u00e9s r\u00e0pida i definitiva possible:<\/p>\n<p><a href=\"https:\/\/asesoriavh.com\/gestion-inversion-extranjera-barcelona-espana-inmobiliaria\/\">Inversi\u00f3 estrangera<\/a><\/p>\n<hr>\n<p><a href=\"https:\/\/asesoriavh.com\/creacion-de-sociedades-urgentes-online-espana\/\">Creaci\u00f3 de societats<\/a><\/p>\n<hr>\n<p><a href=\"https:\/\/asesoriavh.com\/servicios-notaria-urgente-barcelona\/\">Notaria<\/a><\/p>\n<hr>\n<p><a href=\"https:\/\/asesoriavh.com\/tramites-direccion-general-de-trafico-barcelona\/\">Direcci\u00f3 General de Tr\u00e0nsit<\/a><\/p>\n<hr>\n<p><a href=\"https:\/\/asesoriavh.com\/gestoria-fiscal-contable-barcelona-empresas-autonomos\/\">Ag\u00e8ncia Tribut\u00e0ria<\/a><\/p>\n<hr>\n<p><a href=\"https:\/\/asesoriavh.com\/tramites-registro-de-la-propiedad-barcelona-espana\/\">Registre de la Propietat<\/a><\/p>\n<hr>\n<p><a href=\"https:\/\/asesoriavh.com\/tramites-tesoreria-seguridad-social-gestoria-derecho-laboral\/\">Tresoreria de la Seguretat Social<\/a><\/p>\n<hr>\n<p><a href=\"https:\/\/asesoriavh.com\/tramites-registro-mercantil-urgentes-barcelona\/\">Registre Mercantil<\/a><\/p>\n<hr>\n<p><a href=\"https:\/\/asesoriavh.com\/traducciones-jurada-urgentes-apostilla-de-la-haya-espana-barcelona-madrid\/\">Traduccions jurades<\/a><\/p>\n\n\t\t<\/div>\n\t<\/div>\n<\/div><\/div><\/div><\/div><div class=\"wpb_column vc_column_container vc_col-sm-8\"><div class=\"vc_column-inner-nile vc_custom_1548758539921\"><div class=\"wpb_wrapper\"><div class=\"accordion-1 nile-accordion\">\n\t<div class=\"wpb_text_column wpb_content_element  vc_custom_1550505999223\" >\n\t\t<div class=\"wpb_wrapper\">\n\t\t\t<p>Sap que un 34% de les empreses a Espanya paga m\u00e9s impostos del que legalment li correspondria? No en sigui una d\u2019elles. El nostre Departament Fiscal i Comptable l\u2019assessorar\u00e0 i ajudar\u00e0 en el correcte compliment de les obligacions formals en l\u2019\u00e0mbit fiscal, en l\u2019optimitzaci\u00f3 dels recursos propis dins la llei, de les seves c\u00e0rregues tribut\u00e0ries, aix\u00ed com en obtenir avantatges i incentius fiscals per a tota mena de negocis, treballadors aut\u00f2noms i persones.<\/p>\n<p>Entenem que cada client \u00e9s diferent, per aix\u00f2, i per poder oferir un assessorament personalitzat, sempre analitzem de forma personalitzada i totalment detallada cada cas i cada situaci\u00f3.<\/p>\n<p>Contacti amb nosaltres i confi\u00ef en qu\u00e8 la seva consulta o el seu tr\u00e0mit ser\u00e0 realitzat d\u2019una manera completament professional i amb total confidencialitat.<\/p>\n\n\t\t<\/div>\n\t<\/div>\n\r\n  <div class=\"card\">\r\n    <div class=\"card-header\" id=\"heading_27390026\">\r\n      <h5 class=\"mb-0\">\r\n        <button class=\"btn btn-block btn-link collapsed no_active\" data-toggle=\"collapse\" data-target=\"#collapse_27390026\"\r\n        aria-expanded=\"false\" aria-controls=\"collapse_27390026\">\r\n          <i class=\"fa\"><\/i> Assessoria fiscal\r\n        <\/button>\r\n      <\/h5>\r\n    <\/div>\r\n    <div id=\"collapse_27390026\" class=\"collapse\" aria-labelledby=\"heading_27390026\" data-parent=\".accordion-1\">\r\n        <div class=\"card-body\">\r\n          <strong>\u00b7<\/strong> Formalitzaci\u00f3 i presentaci\u00f3 de comptes anuals<br \/>\n<strong>\u00b7<\/strong> Subministrament d\u2019informaci\u00f3 immediata<br \/>\n<strong>\u00b7<\/strong> Representaci\u00f3 i defensa davant d'inspeccions<br \/>\n<strong>\u00b7<\/strong> Declaraci\u00f3 de la Renda sobre les persones f\u00edsiques (IRPF: model 100)<br \/>\n<strong>\u00b7<\/strong> IVA trimestrals (models 303, 310, 311, 370 i 371)<br \/>\n<strong>\u00b7<\/strong> Devoluci\u00f3 de l\u2019IVA i model 340<br \/>\n<strong>\u00b7<\/strong> IRPF trimestrals (models 130 i 131)<br \/>\n<strong>\u00b7<\/strong> Retencions de lloguers (model 115)<br \/>\n<strong>\u00b7<\/strong> Retencions sobre rendiments dels treballadors i\/o professionals (model 111)<br \/>\n<strong>\u00b7<\/strong> Impost sobre la Renda de no residents (model 211)<br \/>\n<strong>\u00b7<\/strong> Tancaments anuals de l\u2019exercici (models 390, 290, 180 i 190)<br \/>\n<strong>\u00b7<\/strong> Impuestos sobre Sociedades (modelo 200)<br \/>\n<strong>\u00b7<\/strong> Pagament a compte de l\u2019Impost de Societats (model 202)<br \/>\n<strong>\u00b7<\/strong> Declaracions anuals d\u2019operacions amb terceres persones (model 347)<br \/>\n<strong>\u00b7<\/strong> Atribucions de Rendes, en el cas de S.C.P (model 184)<br \/>\n<strong>\u00b7<\/strong> Altres impostos\r\n        <\/div>\r\n      <\/div>\r\n    <\/div>\r\n  <div class=\"card\">\r\n    <div class=\"card-header\" id=\"heading_53557955\">\r\n      <h5 class=\"mb-0\">\r\n        <button class=\"btn btn-block btn-link collapsed no_active\" data-toggle=\"collapse\" data-target=\"#collapse_53557955\"\r\n        aria-expanded=\"false\" aria-controls=\"collapse_53557955\">\r\n          <i class=\"fa\"><\/i> Assessoria comptable\r\n        <\/button>\r\n      <\/h5>\r\n    <\/div>\r\n    <div id=\"collapse_53557955\" class=\"collapse\" aria-labelledby=\"heading_53557955\" data-parent=\".accordion-1\">\r\n        <div class=\"card-body\">\r\n          <strong>\u00b7<\/strong> Gesti\u00f3 di\u00e0ria de la comptabilitat d\u2019Aut\u00f2noms i Societats<br \/>\n<strong>\u00b7<\/strong> Llic\u00e8ncies i obertures de negocis<br \/>\n<strong>\u00b7<\/strong> Servei d\u2019assessoria comptable continuada<br \/>\n<strong>\u00b7<\/strong> Assessoria i gesti\u00f3 de la comptabilitat<br \/>\n<strong>\u00b7<\/strong> Llibre d\u2019actes<br \/>\n<strong>\u00b7<\/strong> Llibre de socis<br \/>\n<strong>\u00b7<\/strong> Llibres oficials de comptabilitat<br \/>\n<strong>\u00b7<\/strong> Comptes anuals\r\n        <\/div>\r\n      <\/div>\r\n    <\/div><style type=\"text\/css\">.vc_btn3-style-gradient-custom.vc_btn-gradient-btn-69e24d9d4c922:hover{color: #ffffff;background-color: #063972;border: none;background-position: 100% 0;}<\/style><style type=\"text\/css\">.vc_btn3-style-gradient-custom.vc_btn-gradient-btn-69e24d9d4c922{color: #ffffff;border: none;background-color: #1e5491;background-image: -webkit-linear-gradient(left, #1e5491 0%, #063972 50%,#1e5491 100%);background-image: linear-gradient(to right, #1e5491 0%, #063972 50%,#1e5491 100%);-webkit-transition: all .2s ease-in-out;transition: all .2s ease-in-out;background-size: 200% 100%;}<\/style><div class=\"vc_btn3-container vc_btn3-center\" >\n\t<a data-vc-gradient-1=\"#1e5491\" data-vc-gradient-2=\"#063972\" class=\"vc_general vc_btn3 vc_btn3-size-sm vc_btn3-shape-round vc_btn3-style-gradient-custom vc_btn3-block vc_btn-gradient-btn-69e24d9d4c922\" href=\"https:\/\/asesoriavh.com\/contacto\/\" title=\"\">CONTACTA AMB NOSALTRES<\/a><\/div>\n<\/div><\/div><\/div><\/div><\/div><\/div><\/div><\/div><\/div><\/div><div class=\"vc_row-full-width vc_clearfix\"><\/div><div data-vc-full-width=\"true\" data-vc-full-width-init=\"false\" data-vc-stretch-content=\"true\" class=\"vc_row wpb_row vc_row-fluid vc_custom_1548149847768 vc_row-has-fill vc_column-gap-35\"><div class=\"niletheme-section-row niletheme_row    niletheme_row niletheme-container\"><div class=\"wpb_column vc_column_container vc_col-sm-8\"><div class=\"vc_column-inner vc_custom_1548149897719\"><div class=\"wpb_wrapper\">\n\t<div class=\"wpb_text_column wpb_content_element  vc_custom_1552560141610\" >\n\t\t<div class=\"wpb_wrapper\">\n\t\t\t<p><strong><span style=\"font-size: 35px; color: #ffffff;\">Primera consulta GRATU\u00cfTA!<\/span><\/strong><br \/>\n<span style=\"font-size: 16px; color: #ffffff;\">Contacta amb nosaltres i atendrem la teva consulta amb total confidencialitat.<\/span><\/p>\n\n\t\t<\/div>\n\t<\/div>\n<\/div><\/div><\/div><div class=\"wpb_column vc_column_container vc_col-sm-4\"><div class=\"vc_column-inner\"><div class=\"wpb_wrapper\"><style type=\"text\/css\">.vc_btn3-style-gradient-custom.vc_btn-gradient-btn-69e24d9d4d06b:hover{color: #ffffff;background-color: #063972;border: none;background-position: 100% 0;}<\/style><style type=\"text\/css\">.vc_btn3-style-gradient-custom.vc_btn-gradient-btn-69e24d9d4d06b{color: #ffffff;border: none;background-color: #1e5491;background-image: -webkit-linear-gradient(left, #1e5491 0%, #063972 50%,#1e5491 100%);background-image: linear-gradient(to right, #1e5491 0%, #063972 50%,#1e5491 100%);-webkit-transition: all .2s ease-in-out;transition: all .2s ease-in-out;background-size: 200% 100%;}<\/style><div class=\"vc_btn3-container vc_btn3-center vc_custom_1550481205921\" >\n\t<a data-vc-gradient-1=\"#1e5491\" data-vc-gradient-2=\"#063972\" class=\"vc_general vc_btn3 vc_btn3-size-lg vc_btn3-shape-round vc_btn3-style-gradient-custom vc_btn-gradient-btn-69e24d9d4d06b\" href=\"https:\/\/asesoriavh.com\/consultas\/\" title=\"\">CONTACTA<\/a><\/div>\n<\/div><\/div><\/div><\/div><\/div><div class=\"vc_row-full-width vc_clearfix\"><\/div><div data-vc-full-width=\"true\" data-vc-full-width-init=\"false\" data-vc-stretch-content=\"true\" class=\"vc_row wpb_row vc_row-fluid vc_custom_1548763909178 vc_row-no-padding\"><div class=\"niletheme-section-row niletheme_row    niletheme_row full_width\"><div class=\"wpb_column vc_column_container vc_col-sm-12\"><div class=\"vc_column-inner\"><div class=\"wpb_wrapper\">\n\t<div class=\"wpb_text_column wpb_content_element\" >\n\t\t<div class=\"wpb_wrapper\">\n\t\t\t<div id=\"wpgmza_map\" class=\"wpgmza_map\" data-settings='{\"id\":\"1\",\"map_title\":\"Asesoria VH\",\"map_width\":\"100\",\"map_height\":\"400\",\"map_start_lat\":\"41.358064\",\"map_start_lng\":\"2.115199\",\"map_start_location\":\"41.35806370347794,2.1151993680624788\",\"map_start_zoom\":\"16\",\"default_marker\":\"0\",\"type\":\"1\",\"alignment\":\"1\",\"directions_enabled\":\"1\",\"styling_enabled\":\"0\",\"styling_json\":\"\",\"active\":\"0\",\"kml\":\"\",\"bicycle\":\"0\",\"traffic\":\"0\",\"dbox\":\"1\",\"dbox_width\":\"100\",\"listmarkers\":\"0\",\"listmarkers_advanced\":\"0\",\"filterbycat\":\"0\",\"ugm_enabled\":\"0\",\"ugm_category_enabled\":\"0\",\"fusion\":\"\",\"map_width_type\":\"\\\\%\",\"map_height_type\":\"px\",\"mass_marker_support\":\"1\",\"ugm_access\":\"0\",\"order_markers_by\":\"1\",\"order_markers_choice\":\"2\",\"show_user_location\":\"0\",\"default_to\":\"\",\"other_settings\":{\"store_locator_enabled\":2,\"store_locator_distance\":2,\"store_locator_default_radius\":\"10\",\"store_locator_not_found_message\":\"No results found in this location. Please try again.\",\"store_locator_bounce\":1,\"store_locator_query_string\":\"ZIP \\\/ C\\u00f3digo Postal \\\/ Direcci\\u00f3n\",\"store_locator_default_address\":\"\",\"wpgmza_store_locator_restrict\":\"\",\"store_locator_style\":\"modern\",\"wpgmza_store_locator_radius_style\":\"modern\",\"map_max_zoom\":\"1\",\"transport_layer\":0,\"wpgmza_show_points_of_interest\":0,\"wpgmza_auto_night\":0}}' data-map-id='1' data-maps-engine='open-layers' data-shortcode-attributes='{\"id\":\"1\"}' style=\"display:block; overflow:auto; width:100%; height:400px; float:left;\"><\/div>\n\n\t\t<\/div>\n\t<\/div>\n<\/div><\/div><\/div><\/div><\/div><div class=\"vc_row-full-width vc_clearfix\"><\/div><div class=\"vc_row wpb_row vc_row-fluid vc_custom_1548688196856 vc_row-has-fill\"><div class=\"niletheme-section-row niletheme_row    niletheme_row niletheme-container\"><div class=\"wpb_column vc_column_container vc_col-sm-3\"><div class=\"vc_column-inner vc_custom_1548688246738\"><div class=\"wpb_wrapper\">\n\t<div class=\"wpb_text_column wpb_content_element\" >\n\t\t<div class=\"wpb_wrapper\">\n\t\t\t<p><img decoding=\"async\" class=\"alignnone wp-image-1767\" src=\"\/wp-content\/uploads\/2023\/07\/logo21-2.jpg\" alt=\"\"><\/p>\n<p>c\/ Caterina Albert, 8<br \/>\n08907 L\u2019Hospitalet de Llobregat<br \/>\n<a style=\"color: #188fc3;\" href=\"mailto:administracion@asesoriavh.com\">administracion@asesoriavh.com<\/a><br \/>\nT: <a style=\"color: #188fc3;\" href=\"tel:619 811 894\">619 811 894<\/a><\/p>\n\n\t\t<\/div>\n\t<\/div>\n<\/div><\/div><\/div><div class=\"wpb_column vc_column_container vc_col-sm-3\"><div class=\"vc_column-inner\"><div class=\"wpb_wrapper\"><\/div><\/div><\/div><div class=\"wpb_column vc_column_container vc_col-sm-3\"><div class=\"vc_column-inner\"><div class=\"wpb_wrapper\">\n\t<div class=\"wpb_text_column wpb_content_element\" >\n\t\t<div class=\"wpb_wrapper\">\n\t\t\t<h4 class=\"title\">ELS NOSTRES SERVEIS<\/h4>\n<p><span style=\"font-size: 13,5px;\"><a style=\"color: #188fc3;\" href=\"https:\/\/asesoriavh.com\/gestoria-fiscal-contable-barcelona-empresas-autonomos\/\">Assessoria fiscal i comptable<\/a><br \/>\n<a style=\"color: #188fc3;\" href=\"https:\/\/asesoriavh.com\/gestoria-laboral-contratos-seguridad-social\/\">Assessoria laboral<\/a><br \/>\n<a style=\"color: #188fc3;\" href=\"https:\/\/asesoriavh.com\/asesoria-financiera-inversion-extranjera\/\">Assessoria financera<\/a><br \/>\n<a style=\"color: #188fc3;\" href=\"https:\/\/asesoriavh.com\/inversion-inmobiliaria-gestor-barcelona-extranjera\/\">Assessoria immobili\u00e0ria<\/a><br \/>\n<a style=\"color: #188fc3;\" href=\"https:\/\/asesoriavh.com\/extranjeria-barcelona-residencia\/\">Estrangeria<\/a><\/span><\/p>\n\n\t\t<\/div>\n\t<\/div>\n<\/div><\/div><\/div><div class=\"wpb_column vc_column_container vc_col-sm-3\"><div class=\"vc_column-inner\"><div class=\"wpb_wrapper\">\n\t<div class=\"wpb_text_column wpb_content_element\" >\n\t\t<div class=\"wpb_wrapper\">\n\t\t\t<h4 class=\"title\">ENLLA\u00c7OS D\u2019INTER\u00c8S<\/h4>\n<p><span style=\"font-size: 13,5px;\"><a style=\"color: #188fc3;\" href=\"https:\/\/www.agenciatributaria.es\/\" target=\"_blank\" rel=\"noopener noreferrer\">Ag\u00e8ncia Tribut\u00e0ria<\/a><br \/>\n<a style=\"color: #188fc3;\" href=\"http:\/\/www.seg-social.es\/wps\/portal\/wss\/internet\/Inicio\" target=\"_blank\" rel=\"noopener noreferrer\">Seguretat Social<\/a><br \/>\n<a style=\"color: #188fc3;\" href=\"http:\/\/www.sepe.es\/contenidos\/intermedia.html\" target=\"_blank\" rel=\"noopener noreferrer\">INEM<\/a><br \/>\n<a style=\"color: #188fc3;\" href=\"http:\/\/www.dgt.es\/es\/\" target=\"_blank\" rel=\"noopener noreferrer\">DGT<\/a><br \/>\n<a style=\"color: #188fc3;\" href=\"https:\/\/www.ine.es\/\" target=\"_blank\" rel=\"noopener noreferrer\">INE<\/a><\/span><\/p>\n\n\t\t<\/div>\n\t<\/div>\n<\/div><\/div><\/div><\/div><\/div><div class=\"vc_row wpb_row vc_row-fluid vc_custom_1548694184925 vc_row-has-fill\"><div class=\"niletheme-section-row niletheme_row    niletheme_row niletheme-container\"><div class=\"wpb_column vc_column_container vc_col-sm-12\"><div class=\"vc_column-inner\"><div class=\"wpb_wrapper\"><div class=\"vc_separator wpb_content_element vc_separator_align_center vc_sep_width_100 vc_sep_pos_align_center vc_separator_no_text vc_sep_color_grey vc_custom_1547721765307  vc_custom_1547721765307\" ><span class=\"vc_sep_holder vc_sep_holder_l\"><span  class=\"vc_sep_line\"><\/span><\/span><span class=\"vc_sep_holder vc_sep_holder_r\"><span  class=\"vc_sep_line\"><\/span><\/span>\n<\/div><\/div><\/div><\/div><\/div><\/div><div class=\"vc_row wpb_row vc_row-fluid vc_custom_1548694168522 vc_row-has-fill\"><div class=\"niletheme-section-row niletheme_row    niletheme_row niletheme-container\"><div class=\"wpb_column vc_column_container vc_col-sm-6\"><div class=\"vc_column-inner\"><div class=\"wpb_wrapper\">\n\t<div class=\"wpb_text_column wpb_content_element  vc_custom_1690031558237\" >\n\t\t<div class=\"wpb_wrapper\">\n\t\t\t<p><span style=\"font-size: small;\">\u00a9 2019 Asesor\u00eda VH. Tots els drets reservats<\/span><\/p>\n\n\t\t<\/div>\n\t<\/div>\n<\/div><\/div><\/div><div class=\"wpb_column vc_column_container vc_col-sm-2\"><div class=\"vc_column-inner\"><div class=\"wpb_wrapper\">\n\t<div class=\"wpb_text_column wpb_content_element\" >\n\t\t<div class=\"wpb_wrapper\">\n\t\t\t<p style=\"text-align: right;\"><span style=\"font-size: smaller;\"><a style=\"color: #188fc3;\" href=\"https:\/\/asesoriavh.com\/legal\/aviso-legal\">Av\u00eds legal<\/a><\/span><\/p>\n\n\t\t<\/div>\n\t<\/div>\n<\/div><\/div><\/div><div class=\"wpb_column vc_column_container vc_col-sm-2\"><div class=\"vc_column-inner\"><div class=\"wpb_wrapper\">\n\t<div class=\"wpb_text_column wpb_content_element  vc_custom_1548769588059\" >\n\t\t<div class=\"wpb_wrapper\">\n\t\t\t<p style=\"text-align: right;\"><span style=\"font-size: smaller;\"><a style=\"color: #188fc3;\" href=\"https:\/\/asesoriavh.com\/legal\/politica-de-confidencialidad\">Pol\u00edtica de confidencialitat&nbsp;<\/a><\/span><\/p>\n\n\t\t<\/div>\n\t<\/div>\n<\/div><\/div><\/div><div class=\"wpb_column vc_column_container vc_col-sm-2\"><div class=\"vc_column-inner\"><div class=\"wpb_wrapper\">\n\t<div class=\"wpb_text_column wpb_content_element\" >\n\t\t<div class=\"wpb_wrapper\">\n\t\t\t<p style=\"text-align: right;\"><span style=\"font-size: smaller;\"><a style=\"color: #188fc3;\" href=\"https:\/\/asesoriavh.com\/legal\/politica-de-cookies\">Pol\u00edtica de cookies&nbsp;<\/a><\/span><\/p>\n\n\t\t<\/div>\n\t<\/div>\n<\/div><\/div><\/div><\/div><\/div>","protected":false},"excerpt":{"rendered":"ASESOR\u00cdA FISCAL Y CONTABLE var htmlDiv = document.getElementById(\"rs-plugin-settings-inline-css\"); var htmlDivCss=\".tp-caption.NotGeneric-Title,.NotGeneric-Title{color:rgba(255,255,255,1.00);font-size:70px;line-height:70px;font-weight:800;font-style:normal;font-family:Raleway;text-decoration:none;background-color:transparent;border-color:transparent;border-style:none;border-width:0px;border-radius:0 0 0 0px}\"; if(htmlDiv) { htmlDiv.innerHTML = htmlDiv.innerHTML + htmlDivCss; }else{ var htmlDiv = document.createElement(\"div\"); htmlDiv.innerHTML = \"\" + htmlDivCss + \"\"; document.getElementsByTagName(\"head\")[0].appendChild(htmlDiv.childNodes[0]); } if (setREVStartSize!==undefined) setREVStartSize( {c: '#rev_slider_3_2', gridwidth: [1240], gridheight: [500], sliderLayout: 'fullwidth'}); var revapi3, tpj; (function() { if (!\/loaded|interactive|complete\/.test(document.readyState)) document.addEventListener(\"DOMContentLoaded\",onLoad); else onLoad(); [...]","protected":false},"author":2,"featured_media":0,"parent":0,"menu_order":0,"comment_status":"closed","ping_status":"closed","template":"page-templates\/home-page.php","meta":[],"aioseo_notices":[],"_links":{"self":[{"href":"\/ca\/wp-json\/wp\/v2\/pages\/1879"}],"collection":[{"href":"\/ca\/wp-json\/wp\/v2\/pages"}],"about":[{"href":"\/ca\/wp-json\/wp\/v2\/types\/page"}],"author":[{"embeddable":true,"href":"\/ca\/wp-json\/wp\/v2\/users\/2"}],"replies":[{"embeddable":true,"href":"\/ca\/wp-json\/wp\/v2\/comments?post=1879"}],"version-history":[{"count":93,"href":"\/ca\/wp-json\/wp\/v2\/pages\/1879\/revisions"}],"predecessor-version":[{"id":3221,"href":"\/ca\/wp-json\/wp\/v2\/pages\/1879\/revisions\/3221"}],"wp:attachment":[{"href":"\/ca\/wp-json\/wp\/v2\/media?parent=1879"}],"curies":[{"name":"wp","href":"https:\/\/api.w.org\/{rel}","templated":true}]}}