{"id":18,"date":"2018-10-04T23:51:30","date_gmt":"2018-10-04T23:51:30","guid":{"rendered":"http:\/\/nilethemes.com\/wordpress\/adilwp\/?page_id=18"},"modified":"2023-10-02T09:59:12","modified_gmt":"2023-10-02T09:59:12","slug":"contacto-gestoria-barcelona-consultas","status":"publish","type":"page","link":"\/ca\/contacto-gestoria-barcelona-consultas\/","title":{"rendered":"Contacte"},"content":{"rendered":"<div class=\"vc_row wpb_row vc_row-fluid\"><div class=\"niletheme-section-row niletheme_row    niletheme_row niletheme-container\"><div class=\"wpb_column vc_column_container vc_col-sm-12\"><div class=\"vc_column-inner\"><div class=\"wpb_wrapper\"><link href=\"https:\/\/fonts.googleapis.com\/css?family=Raleway:800\" rel=\"stylesheet\" property=\"stylesheet\" type=\"text\/css\" media=\"all\">\n<div id=\"rev_slider_9_1_wrapper\" class=\"rev_slider_wrapper fullwidthbanner-container\" data-source=\"gallery\" style=\"margin:0px auto;background:transparent;padding:0px;margin-top:0px;margin-bottom:0px;\">\n<!-- START REVOLUTION SLIDER 5.4.8 fullwidth mode -->\n\t<div id=\"rev_slider_9_1\" class=\"rev_slider fullwidthabanner\" style=\"display:none;\" data-version=\"5.4.8\">\n<ul>\t<!-- SLIDE  -->\n\t<li data-index=\"rs-9\" data-transition=\"fade\" data-slotamount=\"default\" data-hideafterloop=\"0\" data-hideslideonmobile=\"off\"  data-easein=\"default\" data-easeout=\"default\" data-masterspeed=\"300\"  data-rotate=\"0\"  data-saveperformance=\"off\"  data-title=\"Slide\" data-param1=\"\" data-param2=\"\" data-param3=\"\" data-param4=\"\" data-param5=\"\" data-param6=\"\" data-param7=\"\" data-param8=\"\" data-param9=\"\" data-param10=\"\" data-description=\"\">\n\t\t<!-- MAIN IMAGE -->\n\t\t<img src=\"https:\/\/asesoriavf.com\/wp-content\/plugins\/revslider\/admin\/assets\/images\/transparent.png\"  alt=\"\" title=\"Contacte\"  data-bgposition=\"center center\" data-bgfit=\"cover\" data-bgrepeat=\"no-repeat\" class=\"rev-slidebg\" data-no-retina>\n\t\t<!-- LAYERS -->\n\n\t\t<!-- LAYER NR. 1 -->\n\t\t<div class=\"tp-caption   tp-resizeme\" \n\t\t\t id=\"slide-9-layer-5\" \n\t\t\t data-x=\"-577\" \n\t\t\t data-y=\"-647\" \n\t\t\t\t\t\tdata-width=\"['none','none','none','none']\"\n\t\t\tdata-height=\"['none','none','none','none']\"\n \n\t\t\tdata-type=\"image\" \n\t\t\tdata-responsive_offset=\"on\" \n\n\t\t\tdata-frames='[{\"delay\":10,\"speed\":300,\"frame\":\"0\",\"from\":\"opacity:0;\",\"to\":\"o:1;\",\"ease\":\"Power3.easeInOut\"},{\"delay\":\"wait\",\"speed\":300,\"frame\":\"999\",\"to\":\"opacity:0;\",\"ease\":\"Power3.easeInOut\"}]'\n\t\t\tdata-textalign=\"['inherit','inherit','inherit','inherit']\"\n\t\t\tdata-paddingtop=\"[0,0,0,0]\"\n\t\t\tdata-paddingright=\"[0,0,0,0]\"\n\t\t\tdata-paddingbottom=\"[0,0,0,0]\"\n\t\t\tdata-paddingleft=\"[0,0,0,0]\"\n\n\t\t\tstyle=\"z-index: 5;\"><img src=\"\/wp-content\/uploads\/2019\/03\/6.jpg\" alt=\"\" data-ww=\"2394px\" data-hh=\"1492px\" data-no-retina> <\/div>\n\n\t\t<!-- LAYER NR. 2 -->\n\t\t<div class=\"tp-caption NotGeneric-Title   tp-resizeme\" \n\t\t\t id=\"slide-9-layer-2\" \n\t\t\t data-x=\"center\" data-hoffset=\"2\" \n\t\t\t data-y=\"264\" \n\t\t\t\t\t\tdata-width=\"['auto']\"\n\t\t\tdata-height=\"['auto']\"\n \n\t\t\tdata-type=\"text\" \n\t\t\tdata-responsive_offset=\"on\" \n\n\t\t\tdata-frames='[{\"delay\":10,\"speed\":300,\"frame\":\"0\",\"from\":\"opacity:0;\",\"to\":\"o:1;\",\"ease\":\"Power3.easeInOut\"},{\"delay\":\"wait\",\"speed\":300,\"frame\":\"999\",\"to\":\"opacity:0;\",\"ease\":\"Power3.easeInOut\"}]'\n\t\t\tdata-textalign=\"['inherit','inherit','inherit','inherit']\"\n\t\t\tdata-paddingtop=\"[10,10,10,10]\"\n\t\t\tdata-paddingright=\"[0,0,0,0]\"\n\t\t\tdata-paddingbottom=\"[10,10,10,10]\"\n\t\t\tdata-paddingleft=\"[0,0,0,0]\"\n\n\t\t\tstyle=\"z-index: 6; white-space: nowrap; font-size: 50px; color: #ffffff; letter-spacing: 0px;\">VOLEM SABER DE TU <\/div>\n\t<\/li>\n<\/ul>\n<div class=\"tp-bannertimer tp-bottom\" style=\"visibility: hidden !important;\"><\/div>\t<\/div>\n<script>var htmlDiv = document.getElementById(\"rs-plugin-settings-inline-css\"); var htmlDivCss=\".tp-caption.NotGeneric-Title,.NotGeneric-Title{color:rgba(255,255,255,1.00);font-size:70px;line-height:70px;font-weight:800;font-style:normal;font-family:Raleway;text-decoration:none;background-color:transparent;border-color:transparent;border-style:none;border-width:0px;border-radius:0 0 0 0px}\";\r\n\t\t\t\tif(htmlDiv) {\r\n\t\t\t\t\thtmlDiv.innerHTML = htmlDiv.innerHTML + htmlDivCss;\r\n\t\t\t\t}else{\r\n\t\t\t\t\tvar htmlDiv = document.createElement(\"div\");\r\n\t\t\t\t\thtmlDiv.innerHTML = \"<style>\" + htmlDivCss + \"<\/style>\";\r\n\t\t\t\t\tdocument.getElementsByTagName(\"head\")[0].appendChild(htmlDiv.childNodes[0]);\r\n\t\t\t\t}\r\n\t\t\t<\/script>\n\t\t<script type=\"text\/javascript\">\r\nif (setREVStartSize!==undefined) setREVStartSize(\r\n\t{c: '#rev_slider_9_1', gridwidth: [1240], gridheight: [500], sliderLayout: 'fullwidth'});\r\n\t\t\t\r\nvar revapi9,\r\n\ttpj;\t\r\n(function() {\t\t\t\r\n\tif (!\/loaded|interactive|complete\/.test(document.readyState)) document.addEventListener(\"DOMContentLoaded\",onLoad); else onLoad();\t\r\n\tfunction onLoad() {\t\t\t\t\r\n\t\tif (tpj===undefined) { tpj = jQuery; if(\"off\" == \"on\") tpj.noConflict();}\r\n\tif(tpj(\"#rev_slider_9_1\").revolution == undefined){\n\t\trevslider_showDoubleJqueryError(\"#rev_slider_9_1\");\n\t}else{\n\t\trevapi9 = tpj(\"#rev_slider_9_1\").show().revolution({\n\t\t\tsliderType:\"hero\",\n\t\t\tjsFileLocation:\"\/\/asesoriavf.com\/wp-content\/plugins\/revslider\/public\/assets\/js\/\",\n\t\t\tsliderLayout:\"fullwidth\",\n\t\t\tdottedOverlay:\"none\",\n\t\t\tdelay:9000,\n\t\t\tvisibilityLevels:[1240,1024,778,480],\n\t\t\tgridwidth:1240,\n\t\t\tgridheight:500,\n\t\t\tlazyType:\"none\",\n\t\t\tshadow:0,\n\t\t\tspinner:\"spinner0\",\n\t\t\tautoHeight:\"off\",\n\t\t\tdisableProgressBar:\"on\",\n\t\t\thideThumbsOnMobile:\"off\",\n\t\t\thideSliderAtLimit:0,\n\t\t\thideCaptionAtLimit:0,\n\t\t\thideAllCaptionAtLilmit:0,\n\t\t\tdebugMode:false,\n\t\t\tfallbacks: {\n\t\t\t\tsimplifyAll:\"off\",\n\t\t\t\tdisableFocusListener:false,\n\t\t\t}\n\t\t});\n\t}; \/* END OF revapi call *\/\n\t\n }; \/* END OF ON LOAD FUNCTION *\/\r\n}()); \/* END OF WRAPPING FUNCTION *\/\r\n<\/script>\r\n\t\t<\/div><!-- END REVOLUTION SLIDER --><\/div><\/div><\/div><\/div><\/div><div class=\"vc_row wpb_row vc_row-fluid vc_custom_1548928736519\"><div class=\"niletheme-section-row niletheme_row    niletheme_row niletheme-container\"><div class=\"wpb_column vc_column_container vc_col-sm-6\"><div class=\"vc_column-inner\"><div class=\"wpb_wrapper\">\n\t<div class=\"wpb_text_column wpb_content_element\" >\n\t\t<div class=\"wpb_wrapper\">\n\t\t\t<h3 style=\"text-align: center;\">ASSESSORIA VILLAMOR HERN\u00c1NDEZ I ASSOCIATS S.L.<\/h3>\n\n\t\t<\/div>\n\t<\/div>\n<style>.icon_11841148 .text-icon-large , .icon_11841148 .title{ color: #dd3333 !important; }<\/style><div class=\"adil-service layout-1 margin-bottom-35px\">\r\n          <div class=\"icon\"><i class=\"nile-font-icon fa fa-map-marker\"><\/i><\/div>\r\n          <div class=\"title h2\"><\/div>\r\n          <div class=\"des\"><\/p>\n<p style=\"text-align: center\"><span style=\"color: #000000;font-size: 15px\">C\/ Caterina Albert, 8 local 1<\/span><\/p>\n<p style=\"text-align: center\"><span style=\"color: #000000;font-size: 15px\">08907 L\u2019Hospitalet de Llobregat<\/span><\/p>\n<p><\/div>\r\n      <\/div><style>.icon_17334532 .text-icon-large , .icon_17334532 .title{ color: #dd3333 !important; }<\/style><div class=\"adil-service layout-1 margin-bottom-35px\">\r\n          <div class=\"icon\"><i class=\"nile-font-icon fa fa-envelope\"><\/i><\/div>\r\n          <div class=\"title h2\"><\/div>\r\n          <div class=\"des\"><\/p>\n<p style=\"text-align: center\"><span style=\"color: #000000;font-size: 15px\"><a href=\"mailto:asesoriavh@gmail.com\">administracion@asesoriavh.com<\/a><\/span><\/p>\n<p><\/div>\r\n      <\/div><style>.icon_13087709 .text-icon-large , .icon_13087709 .title{ color: #dd3333 !important; }<\/style><div class=\"adil-service layout-1 margin-bottom-35px\">\r\n          <div class=\"icon\"><i class=\"nile-font-icon fa fa-phone\"><\/i><\/div>\r\n          <div class=\"title h2\"><\/div>\r\n          <div class=\"des\"><\/p>\n<p style=\"text-align: center\"><span style=\"color: #000000;font-size: 15px\">931 881 690<\/span><\/p>\n<p style=\"text-align: center\"><span style=\"color: #000000;font-size: 15px\">619 811 894<\/span><\/p>\n<p><\/div>\r\n      <\/div><\/div><\/div><\/div><div class=\"wpb_column vc_column_container vc_col-sm-6\"><div class=\"vc_column-inner\"><div class=\"wpb_wrapper\">\n\t<div class=\"wpb_text_column wpb_content_element\" >\n\t\t<div class=\"wpb_wrapper\">\n\t\t\t<h3>ATENCI\u00d3 AL CLIENT<\/h3>\n<p>A <strong><a href=\"https:\/\/asesoriavh.com\"><span style=\"color: #1e61a8;\">Assesoria VH<\/span><\/a><\/strong> tenim absolut respecte a les cl\u00e0usules de confidencialitat i secret professional amb tots els nostres clients. Confi\u00ef amb <strong><a href=\"https:\/\/asesoriavh.com\"><span style=\"color: #1e61a8;\">Assesoria VH<\/span><\/a><\/strong>, i contactiamb nosaltres; senti\u2019s segur de qu\u00e8 tota la seva informaci\u00f3 es mantindr\u00e0 segura i sense cap mena de gesti\u00f3 inapropiada.<\/p>\n\n\t\t<\/div>\n\t<\/div>\n\n\t<div class=\"wpb_text_column wpb_content_element\" >\n\t\t<div class=\"wpb_wrapper\">\n\t\t\t\n<div class=\"wpcf7 no-js\" id=\"wpcf7-f6-o1\" lang=\"es-ES\" dir=\"ltr\">\n<div class=\"screen-reader-response\"><p role=\"status\" aria-live=\"polite\" aria-atomic=\"true\"><\/p> <ul><\/ul><\/div>\n<form action=\"\/ca\/wp-json\/wp\/v2\/pages\/18#wpcf7-f6-o1\" method=\"post\" class=\"wpcf7-form init\" aria-label=\"Formulario de contacto\" novalidate=\"novalidate\" data-status=\"init\" data-trp-original-action=\"\/ca\/wp-json\/wp\/v2\/pages\/18#wpcf7-f6-o1\">\n<div style=\"display: none;\">\n<input type=\"hidden\" name=\"_wpcf7\" value=\"6\" \/>\n<input type=\"hidden\" name=\"_wpcf7_version\" value=\"5.9.3\" \/>\n<input type=\"hidden\" name=\"_wpcf7_locale\" value=\"es_ES\" \/>\n<input type=\"hidden\" name=\"_wpcf7_unit_tag\" value=\"wpcf7-f6-o1\" \/>\n<input type=\"hidden\" name=\"_wpcf7_container_post\" value=\"0\" \/>\n<input type=\"hidden\" name=\"_wpcf7_posted_data_hash\" value=\"\" \/>\n<\/div>\n<p><label> Nom<br \/>\n<span class=\"wpcf7-form-control-wrap\" data-name=\"your-name\"><input size=\"40\" class=\"wpcf7-form-control wpcf7-text wpcf7-validates-as-required\" aria-required=\"true\" aria-invalid=\"false\" value=\"\" type=\"text\" name=\"your-name\" \/><\/span> <\/label>\n<\/p>\n<p><label> Correu electr\u00f2nic*<br \/>\n<span class=\"wpcf7-form-control-wrap\" data-name=\"your-email\"><input size=\"40\" class=\"wpcf7-form-control wpcf7-email wpcf7-validates-as-required wpcf7-text wpcf7-validates-as-email\" aria-required=\"true\" aria-invalid=\"false\" value=\"\" type=\"email\" name=\"your-email\" \/><\/span> <\/label>\n<\/p>\n<p><label> Assumpte<br \/>\n<span class=\"wpcf7-form-control-wrap\" data-name=\"your-subject\"><input size=\"40\" class=\"wpcf7-form-control wpcf7-text\" aria-invalid=\"false\" value=\"\" type=\"text\" name=\"your-subject\" \/><\/span> <\/label>\n<\/p>\n<p><label> M\u00f2bil*<br \/>\n<span class=\"wpcf7-form-control-wrap\" data-name=\"tel-369\"><input size=\"40\" class=\"wpcf7-form-control wpcf7-tel wpcf7-validates-as-required wpcf7-text wpcf7-validates-as-tel\" aria-required=\"true\" aria-invalid=\"false\" value=\"\" type=\"tel\" name=\"tel-369\" \/><\/span> <\/label>\n<\/p>\n<p><label> El seu missatge*<br \/>\n<span class=\"wpcf7-form-control-wrap\" data-name=\"your-message\"><textarea cols=\"40\" rows=\"10\" class=\"wpcf7-form-control wpcf7-textarea\" aria-invalid=\"false\" name=\"your-message\"><\/textarea><\/span> <\/label>\n<\/p>\n<p><span class=\"wpcf7-form-control-wrap\" data-name=\"acceptance-449\"><span class=\"wpcf7-form-control wpcf7-acceptance\"><span class=\"wpcf7-list-item\"><label><input type=\"checkbox\" name=\"acceptance-449\" value=\"1\" aria-invalid=\"false\" \/><span class=\"wpcf7-list-item-label\">He llegit i accepto la <a style=\"color: #2c6eb1;\" href=\"https:\/\/asesoriavh.com\/legal\/politica-de-confidencialidad\" target=\"_blank\" rel=\"noopener\">Pol\u00edtica de confidencialitat<\/a>.<\/span><\/label><\/span><\/span><\/span>\n<\/p>\n<p><input class=\"wpcf7-form-control wpcf7-submit has-spinner\" type=\"submit\" value=\"Enviar\" \/>\n<\/p><p style=\"display: none !important;\" class=\"akismet-fields-container\" data-prefix=\"_wpcf7_ak_\"><label>&#916;<textarea name=\"_wpcf7_ak_hp_textarea\" cols=\"45\" rows=\"8\" maxlength=\"100\"><\/textarea><\/label><input type=\"hidden\" id=\"ak_js_1\" name=\"_wpcf7_ak_js\" value=\"237\"\/><script>document.getElementById( \"ak_js_1\" ).setAttribute( \"value\", ( new Date() ).getTime() );<\/script><\/p><div class=\"wpcf7-response-output\" aria-hidden=\"true\"><\/div>\n<input type=\"hidden\" name=\"trp-form-language\" value=\"ca\"\/><\/form>\n<\/div>\n\n\n\t\t<\/div>\n\t<\/div>\n<\/div><\/div><\/div><\/div><\/div><div data-vc-full-width=\"true\" data-vc-full-width-init=\"false\" data-vc-stretch-content=\"true\" class=\"vc_row wpb_row vc_row-fluid vc_custom_1548772930949 vc_row-has-fill vc_column-gap-35 vc_row-no-padding\"><div class=\"niletheme-section-row niletheme_row    niletheme_row niletheme-container\"><div class=\"wpb_column vc_column_container vc_col-sm-8\"><div class=\"vc_column-inner\"><div class=\"wpb_wrapper\">\n\t<div class=\"wpb_text_column wpb_content_element  vc_custom_1552560477431\" >\n\t\t<div class=\"wpb_wrapper\">\n\t\t\t<p><strong><span style=\"font-size: 35px; color: #ffffff;\">Primera consulta GRATU\u00cfTA!<\/span><\/strong><br \/>\n<span style=\"font-size: 16px; color: #ffffff;\">Contacta amb nosaltres i atendrem la teva consulta amb total confidencialitat.<\/span><\/p>\n\n\t\t<\/div>\n\t<\/div>\n<\/div><\/div><\/div><div class=\"wpb_column vc_column_container vc_col-sm-4\"><div class=\"vc_column-inner\"><div class=\"wpb_wrapper\"><style type=\"text\/css\">.vc_btn3-style-gradient-custom.vc_btn-gradient-btn-69e24d8aad193:hover{color: #ffffff;background-color: #063972;border: none;background-position: 100% 0;}<\/style><style type=\"text\/css\">.vc_btn3-style-gradient-custom.vc_btn-gradient-btn-69e24d8aad193{color: #ffffff;border: none;background-color: #1e5491;background-image: -webkit-linear-gradient(left, #1e5491 0%, #063972 50%,#1e5491 100%);background-image: linear-gradient(to right, #1e5491 0%, #063972 50%,#1e5491 100%);-webkit-transition: all .2s ease-in-out;transition: all .2s ease-in-out;background-size: 200% 100%;}<\/style><div class=\"vc_btn3-container vc_btn3-center\" >\n\t<a data-vc-gradient-1=\"#1e5491\" data-vc-gradient-2=\"#063972\" class=\"vc_general vc_btn3 vc_btn3-size-lg vc_btn3-shape-round vc_btn3-style-gradient-custom vc_btn-gradient-btn-69e24d8aad193\" href=\"https:\/\/asesoriavh.com\/consultas\/\" title=\"\">CONTACTA<\/a><\/div>\n<\/div><\/div><\/div><\/div><\/div><div class=\"vc_row-full-width vc_clearfix\"><\/div><div data-vc-full-width=\"true\" data-vc-full-width-init=\"false\" data-vc-stretch-content=\"true\" class=\"vc_row wpb_row vc_row-fluid vc_custom_1548765058484 vc_row-no-padding\"><div class=\"niletheme-section-row niletheme_row    niletheme_row full_width\"><div class=\"wpb_column vc_column_container vc_col-sm-12\"><div class=\"vc_column-inner\"><div class=\"wpb_wrapper\">\n\t<div class=\"wpb_text_column wpb_content_element\" >\n\t\t<div class=\"wpb_wrapper\">\n\t\t\t<div id=\"wpgmza_map\" class=\"wpgmza_map\" data-settings='{\"id\":\"1\",\"map_title\":\"Asesoria VH\",\"map_width\":\"100\",\"map_height\":\"400\",\"map_start_lat\":\"41.358064\",\"map_start_lng\":\"2.115199\",\"map_start_location\":\"41.35806370347794,2.1151993680624788\",\"map_start_zoom\":\"16\",\"default_marker\":\"0\",\"type\":\"1\",\"alignment\":\"1\",\"directions_enabled\":\"1\",\"styling_enabled\":\"0\",\"styling_json\":\"\",\"active\":\"0\",\"kml\":\"\",\"bicycle\":\"0\",\"traffic\":\"0\",\"dbox\":\"1\",\"dbox_width\":\"100\",\"listmarkers\":\"0\",\"listmarkers_advanced\":\"0\",\"filterbycat\":\"0\",\"ugm_enabled\":\"0\",\"ugm_category_enabled\":\"0\",\"fusion\":\"\",\"map_width_type\":\"\\\\%\",\"map_height_type\":\"px\",\"mass_marker_support\":\"1\",\"ugm_access\":\"0\",\"order_markers_by\":\"1\",\"order_markers_choice\":\"2\",\"show_user_location\":\"0\",\"default_to\":\"\",\"other_settings\":{\"store_locator_enabled\":2,\"store_locator_distance\":2,\"store_locator_default_radius\":\"10\",\"store_locator_not_found_message\":\"No results found in this location. Please try again.\",\"store_locator_bounce\":1,\"store_locator_query_string\":\"ZIP \\\/ C\\u00f3digo Postal \\\/ Direcci\\u00f3n\",\"store_locator_default_address\":\"\",\"wpgmza_store_locator_restrict\":\"\",\"store_locator_style\":\"modern\",\"wpgmza_store_locator_radius_style\":\"modern\",\"map_max_zoom\":\"1\",\"transport_layer\":0,\"wpgmza_show_points_of_interest\":0,\"wpgmza_auto_night\":0}}' data-map-id='1' data-maps-engine='open-layers' data-shortcode-attributes='{\"id\":\"1\"}' style=\"display:block; overflow:auto; width:100%; height:400px; float:left;\"><\/div>\n\n\t\t<\/div>\n\t<\/div>\n<\/div><\/div><\/div><\/div><\/div><div class=\"vc_row-full-width vc_clearfix\"><\/div><div class=\"vc_row wpb_row vc_row-fluid vc_custom_1548689652823 vc_row-has-fill\"><div class=\"niletheme-section-row niletheme_row    niletheme_row niletheme-container\"><div class=\"wpb_column vc_column_container vc_col-sm-3\"><div class=\"vc_column-inner vc_custom_1548689656906\"><div class=\"wpb_wrapper\">\n\t<div class=\"wpb_text_column wpb_content_element\" >\n\t\t<div class=\"wpb_wrapper\">\n\t\t\t<p><img decoding=\"async\" class=\"alignnone wp-image-1767\" src=\"\/wp-content\/uploads\/2023\/07\/logo21-2.jpg\" alt=\"\" \/><\/p>\n<p>c\/ Caterina Albert, 8<br \/>\n08907 L\u2019Hospitalet de Llobregat<br \/>\n<a style=\"color: #188fc3;\" href=\"mailto:administracion@asesoriavh.com\">administracion@asesoriavh.com<\/a><br \/>\nT: <a style=\"color: #188fc3;\" href=\"tel:619 811 894\">619 811 894<\/a><\/p>\n\n\t\t<\/div>\n\t<\/div>\n<\/div><\/div><\/div><div class=\"wpb_column vc_column_container vc_col-sm-3\"><div class=\"vc_column-inner\"><div class=\"wpb_wrapper\"><\/div><\/div><\/div><div class=\"wpb_column vc_column_container vc_col-sm-3\"><div class=\"vc_column-inner\"><div class=\"wpb_wrapper\">\n\t<div class=\"wpb_text_column wpb_content_element\" >\n\t\t<div class=\"wpb_wrapper\">\n\t\t\t<h4 class=\"title\">ELS NOSTRES SERVEIS<\/h4>\n<p><span style=\"font-size: 13,5px;\"><a style=\"color: #188fc3;\" href=\"https:\/\/asesoriavh.com\/gestoria-fiscal-contable-barcelona-empresas-autonomos\/\">Assessoria fiscal i comptable<\/a><br \/>\n<a style=\"color: #188fc3;\" href=\"https:\/\/asesoriavh.com\/gestoria-laboral-contratos-seguridad-social\/\">Assessoria laboral<\/a><br \/>\n<a style=\"color: #188fc3;\" href=\"https:\/\/asesoriavh.com\/asesoria-financiera-inversion-extranjera\/\">Assessoria financera<\/a><br \/>\n<a style=\"color: #188fc3;\" href=\"https:\/\/asesoriavh.com\/inversion-inmobiliaria-gestor-barcelona-extranjera\/\">Assessoria immobili\u00e0ria<\/a><br \/>\n<a style=\"color: #188fc3;\" href=\"https:\/\/asesoriavh.com\/extranjeria-barcelona-residencia\/\">Estrangeria<\/a><\/span><\/p>\n\n\t\t<\/div>\n\t<\/div>\n<\/div><\/div><\/div><div class=\"wpb_column vc_column_container vc_col-sm-3\"><div class=\"vc_column-inner\"><div class=\"wpb_wrapper\">\n\t<div class=\"wpb_text_column wpb_content_element\" >\n\t\t<div class=\"wpb_wrapper\">\n\t\t\t<h4 class=\"title\">ENLLA\u00c7OS D\u2019INTER\u00c8S<\/h4>\n<p><span style=\"font-size: 13,5px;\"><a style=\"color: #188fc3;\" href=\"https:\/\/www.agenciatributaria.es\/\" target=\"_blank\" rel=\"noopener noreferrer\">Ag\u00e8ncia Tribut\u00e0ria<\/a><br \/>\n<a style=\"color: #188fc3;\" href=\"http:\/\/www.seg-social.es\/wps\/portal\/wss\/internet\/Inicio\" target=\"_blank\" rel=\"noopener noreferrer\">Seguretat Social<\/a><br \/>\n<a style=\"color: #188fc3;\" href=\"http:\/\/www.sepe.es\/contenidos\/intermedia.html\" target=\"_blank\" rel=\"noopener noreferrer\">INEM<\/a><br \/>\n<a style=\"color: #188fc3;\" href=\"http:\/\/www.dgt.es\/es\/\" target=\"_blank\" rel=\"noopener noreferrer\">DGT<\/a><br \/>\n<a style=\"color: #188fc3;\" href=\"https:\/\/www.ine.es\/\" target=\"_blank\" rel=\"noopener noreferrer\">INE<\/a><\/span><\/p>\n\n\t\t<\/div>\n\t<\/div>\n<\/div><\/div><\/div><\/div><\/div><div class=\"vc_row wpb_row vc_row-fluid vc_custom_1548694814297 vc_row-has-fill\"><div class=\"niletheme-section-row niletheme_row    niletheme_row niletheme-container\"><div class=\"wpb_column vc_column_container vc_col-sm-12\"><div class=\"vc_column-inner vc_custom_1547746530020\"><div class=\"wpb_wrapper\"><div class=\"vc_separator wpb_content_element vc_separator_align_center vc_sep_width_100 vc_sep_pos_align_center vc_separator_no_text vc_sep_color_grey\" ><span class=\"vc_sep_holder vc_sep_holder_l\"><span  class=\"vc_sep_line\"><\/span><\/span><span class=\"vc_sep_holder vc_sep_holder_r\"><span  class=\"vc_sep_line\"><\/span><\/span>\n<\/div><\/div><\/div><\/div><\/div><\/div><div class=\"vc_row wpb_row vc_row-fluid vc_custom_1548694802957 vc_row-has-fill\"><div class=\"niletheme-section-row niletheme_row    niletheme_row niletheme-container\"><div class=\"wpb_column vc_column_container vc_col-sm-6\"><div class=\"vc_column-inner\"><div class=\"wpb_wrapper\">\n\t<div class=\"wpb_text_column wpb_content_element\" >\n\t\t<div class=\"wpb_wrapper\">\n\t\t\t<p><span style=\"font-size: small;\">\u00a9 2019 Asesor\u00eda VH. Tots els drets reservats<\/span><\/p>\n\n\t\t<\/div>\n\t<\/div>\n<\/div><\/div><\/div><div class=\"wpb_column vc_column_container vc_col-sm-2\"><div class=\"vc_column-inner\"><div class=\"wpb_wrapper\">\n\t<div class=\"wpb_text_column wpb_content_element\" >\n\t\t<div class=\"wpb_wrapper\">\n\t\t\t<p style=\"text-align: right;\"><span style=\"font-size: smaller;\"><a style=\"color: #188fc3;\" href=\"https:\/\/asesoriavh.com\/legal\/aviso-legal\">Av\u00eds legal<\/a><\/span><\/p>\n\n\t\t<\/div>\n\t<\/div>\n<\/div><\/div><\/div><div class=\"wpb_column vc_column_container vc_col-sm-2\"><div class=\"vc_column-inner\"><div class=\"wpb_wrapper\">\n\t<div class=\"wpb_text_column wpb_content_element  vc_custom_1548770500347\" >\n\t\t<div class=\"wpb_wrapper\">\n\t\t\t<p style=\"text-align: right;\"><span style=\"font-size: smaller;\"><a style=\"color: #188fc3;\" href=\"https:\/\/asesoriavh.com\/legal\/politica-de-confidencialidad\">Pol\u00edtica de confidencialitat&nbsp;<\/a><\/span><\/p>\n\n\t\t<\/div>\n\t<\/div>\n<\/div><\/div><\/div><div class=\"wpb_column vc_column_container vc_col-sm-2\"><div class=\"vc_column-inner\"><div class=\"wpb_wrapper\">\n\t<div class=\"wpb_text_column wpb_content_element\" >\n\t\t<div class=\"wpb_wrapper\">\n\t\t\t<p style=\"text-align: right;\"><span style=\"font-size: smaller;\"><a style=\"color: #188fc3;\" href=\"https:\/\/asesoriavh.com\/legal\/politica-de-cookies\">Pol\u00edtica de cookies&nbsp;<\/a><\/span><\/p>\n\n\t\t<\/div>\n\t<\/div>\n<\/div><\/div><\/div><\/div><\/div>","protected":false},"excerpt":{"rendered":"QUEREMOS SABER DE T\u00cd var htmlDiv = document.getElementById(\"rs-plugin-settings-inline-css\"); var htmlDivCss=\".tp-caption.NotGeneric-Title,.NotGeneric-Title{color:rgba(255,255,255,1.00);font-size:70px;line-height:70px;font-weight:800;font-style:normal;font-family:Raleway;text-decoration:none;background-color:transparent;border-color:transparent;border-style:none;border-width:0px;border-radius:0 0 0 0px}\"; if(htmlDiv) { htmlDiv.innerHTML = htmlDiv.innerHTML + htmlDivCss; }else{ var htmlDiv = document.createElement(\"div\"); htmlDiv.innerHTML = \"\" + htmlDivCss + \"\"; document.getElementsByTagName(\"head\")[0].appendChild(htmlDiv.childNodes[0]); } if (setREVStartSize!==undefined) setREVStartSize( {c: '#rev_slider_9_2', gridwidth: [1240], gridheight: [500], sliderLayout: 'fullwidth'}); var revapi9, tpj; (function() { if (!\/loaded|interactive|complete\/.test(document.readyState)) document.addEventListener(\"DOMContentLoaded\",onLoad); else onLoad(); [...]","protected":false},"author":2,"featured_media":0,"parent":0,"menu_order":0,"comment_status":"closed","ping_status":"closed","template":"page-templates\/home-page.php","meta":[],"aioseo_notices":[],"_links":{"self":[{"href":"\/ca\/wp-json\/wp\/v2\/pages\/18"}],"collection":[{"href":"\/ca\/wp-json\/wp\/v2\/pages"}],"about":[{"href":"\/ca\/wp-json\/wp\/v2\/types\/page"}],"author":[{"embeddable":true,"href":"\/ca\/wp-json\/wp\/v2\/users\/2"}],"replies":[{"embeddable":true,"href":"\/ca\/wp-json\/wp\/v2\/comments?post=18"}],"version-history":[{"count":57,"href":"\/ca\/wp-json\/wp\/v2\/pages\/18\/revisions"}],"predecessor-version":[{"id":3219,"href":"\/ca\/wp-json\/wp\/v2\/pages\/18\/revisions\/3219"}],"wp:attachment":[{"href":"\/ca\/wp-json\/wp\/v2\/media?parent=18"}],"curies":[{"name":"wp","href":"https:\/\/api.w.org\/{rel}","templated":true}]}}